{"id":227114,"date":"2025-12-28T05:27:34","date_gmt":"2025-12-28T02:27:34","guid":{"rendered":"https:\/\/baldumarket.lt\/product\/meble-delis-01-waski-regal-zamkniety-z-polkami-bielizniarka-craft-zloty-gra\/"},"modified":"2026-02-11T18:37:20","modified_gmt":"2026-02-11T15:37:20","slug":"meble-delis-01-waski-regal-zamkniety-z-polkami-bielizniarka-craft-zloty-gra","status":"publish","type":"product","link":"https:\/\/baldumarket.lt\/lt\/product\/meble-delis-01-waski-regal-zamkniety-z-polkami-bielizniarka-craft-zloty-gra\/","title":{"rendered":"DELIS 01 baldai siaura u\u017edara lentyna su lentynomis rankdarbi\u0173 patalyn\u0117s spinta aukso spalvos \u017eaidimas"},"content":{"rendered":"<p>DELIS 01 siaura u\u017edara lentyna su lentynomis, patalyn\u0117s spinta, 16 mm ir 25 mm plok\u0161t\u0117, ABS kra\u0161tas, \u0161velnus u\u017edarymas, spalva: auksinis \u0105\u017euolas \/ granados ruda<\/p>","protected":false},"excerpt":{"rendered":"<p>Plotis [cm]: 58<br \/>\n\u016agis [cm]: 186<br \/>\nGylis [cm]: 43<br \/>\nT\u016bris [m3]: 0,089<br \/>\nSvoris [kg]: 47<br \/>\nSpalvos: Granados ruda, auksin\u0117 amatinio \u0105\u017euolo<\/p>","protected":false},"featured_media":227115,"comment_status":"open","ping_status":"open","template":"","meta":[],"product_brand":[],"product_cat":[8386,1987],"product_tag":[],"class_list":{"0":"post-227114","1":"product","2":"type-product","3":"status-publish","4":"has-post-thumbnail","6":"product_cat-meblocross","7":"product_cat-shelving-units","9":"first","10":"instock","11":"purchasable","12":"product-type-simple"},"_links":{"self":[{"href":"https:\/\/baldumarket.lt\/lt\/wp-json\/wp\/v2\/product\/227114","targetHints":{"allow":["GET"]}}],"collection":[{"href":"https:\/\/baldumarket.lt\/lt\/wp-json\/wp\/v2\/product"}],"about":[{"href":"https:\/\/baldumarket.lt\/lt\/wp-json\/wp\/v2\/types\/product"}],"replies":[{"embeddable":true,"href":"https:\/\/baldumarket.lt\/lt\/wp-json\/wp\/v2\/comments?post=227114"}],"wp:featuredmedia":[{"embeddable":true,"href":"https:\/\/baldumarket.lt\/lt\/wp-json\/wp\/v2\/media\/227115"}],"wp:attachment":[{"href":"https:\/\/baldumarket.lt\/lt\/wp-json\/wp\/v2\/media?parent=227114"}],"wp:term":[{"taxonomy":"product_brand","embeddable":true,"href":"https:\/\/baldumarket.lt\/lt\/wp-json\/wp\/v2\/product_brand?post=227114"},{"taxonomy":"product_cat","embeddable":true,"href":"https:\/\/baldumarket.lt\/lt\/wp-json\/wp\/v2\/product_cat?post=227114"},{"taxonomy":"product_tag","embeddable":true,"href":"https:\/\/baldumarket.lt\/lt\/wp-json\/wp\/v2\/product_tag?post=227114"}],"curies":[{"name":"wp","href":"https:\/\/api.w.org\/{rel}","templated":true}]}}