{"id":227045,"date":"2025-12-28T05:25:12","date_gmt":"2025-12-28T02:25:12","guid":{"rendered":"https:\/\/baldumarket.lt\/product\/meble-delis-03-duza-komoda-z-szufladami-drzwiami-do-salonu-dab-artisan-czar\/"},"modified":"2026-02-11T18:37:23","modified_gmt":"2026-02-11T15:37:23","slug":"meble-delis-03-duza-komoda-z-szufladami-drzwiami-do-salonu-dab-artisan-czar","status":"publish","type":"product","link":"https:\/\/baldumarket.lt\/lt\/product\/meble-delis-03-duza-komoda-z-szufladami-drzwiami-do-salonu-dab-artisan-czar\/","title":{"rendered":"DELIS 03 didel\u0117 komoda su durel\u0117mis svetainei, dirbtinio \u0105\u017euolo spalvos, juoda"},"content":{"rendered":"<p>DELIS 03 komoda su durel\u0117mis ir stal\u010diais svetainei. 16 mm ir 25 mm plok\u0161t\u0117, ABS kra\u0161tas, \u0161velnaus u\u017edarymo sistema, PILNAI ATIDARYTOS b\u0117gel\u0117s. Spalva: \u201eArtisan\u201c \u0105\u017euolas \/ juoda.<\/p>","protected":false},"excerpt":{"rendered":"<p>Plotis [cm]: 140<br \/>\nAuk\u0161tis [cm]: 86<br \/>\nGylis [cm]: 43<br \/>\nT\u016bris [m3]: 0,114<br \/>\nSvoris [kg]: 57<br \/>\nSpalvos: \u0105\u017euolas, juoda<\/p>","protected":false},"featured_media":227046,"comment_status":"open","ping_status":"open","template":"","meta":[],"product_brand":[],"product_cat":[1173,8386],"product_tag":[],"class_list":{"0":"post-227045","1":"product","2":"type-product","3":"status-publish","4":"has-post-thumbnail","6":"product_cat-chests-of-drawers","7":"product_cat-meblocross","9":"first","10":"instock","11":"purchasable","12":"product-type-simple"},"_links":{"self":[{"href":"https:\/\/baldumarket.lt\/lt\/wp-json\/wp\/v2\/product\/227045","targetHints":{"allow":["GET"]}}],"collection":[{"href":"https:\/\/baldumarket.lt\/lt\/wp-json\/wp\/v2\/product"}],"about":[{"href":"https:\/\/baldumarket.lt\/lt\/wp-json\/wp\/v2\/types\/product"}],"replies":[{"embeddable":true,"href":"https:\/\/baldumarket.lt\/lt\/wp-json\/wp\/v2\/comments?post=227045"}],"wp:featuredmedia":[{"embeddable":true,"href":"https:\/\/baldumarket.lt\/lt\/wp-json\/wp\/v2\/media\/227046"}],"wp:attachment":[{"href":"https:\/\/baldumarket.lt\/lt\/wp-json\/wp\/v2\/media?parent=227045"}],"wp:term":[{"taxonomy":"product_brand","embeddable":true,"href":"https:\/\/baldumarket.lt\/lt\/wp-json\/wp\/v2\/product_brand?post=227045"},{"taxonomy":"product_cat","embeddable":true,"href":"https:\/\/baldumarket.lt\/lt\/wp-json\/wp\/v2\/product_cat?post=227045"},{"taxonomy":"product_tag","embeddable":true,"href":"https:\/\/baldumarket.lt\/lt\/wp-json\/wp\/v2\/product_tag?post=227045"}],"curies":[{"name":"wp","href":"https:\/\/api.w.org\/{rel}","templated":true}]}}