{"id":227000,"date":"2025-12-28T05:23:26","date_gmt":"2025-12-28T02:23:26","guid":{"rendered":"https:\/\/baldumarket.lt\/product\/meble-delis-04-komoda-szafka-z-drzwiami-do-salonu-sypialni-dab-grange-grafi\/"},"modified":"2026-02-11T18:37:23","modified_gmt":"2026-02-11T15:37:23","slug":"meble-delis-04-komoda-szafka-z-drzwiami-do-salonu-sypialni-dab-grange-grafi","status":"publish","type":"product","link":"https:\/\/baldumarket.lt\/lt\/product\/meble-delis-04-komoda-szafka-z-drzwiami-do-salonu-sypialni-dab-grange-grafi\/","title":{"rendered":"DELIS 04 bald\u0173 komoda su durel\u0117mis svetainei, miegamajam, \u0105\u017euolo, granito spalvos"},"content":{"rendered":"<p>DELIS 04 komoda su durel\u0117mis svetainei. 16 mm ir 25 mm plok\u0161t\u0117, ABS kra\u0161tas, \u0161velnus u\u017edarymas. Spalva: Grange Oak \/ Grafitas.<\/p>","protected":false},"excerpt":{"rendered":"<p>Plotis [cm]: 97<br \/>\nAuk\u0161tis [cm]: 86<br \/>\nGylis [cm]: 43<br \/>\nT\u016bris [m3]: 0,074<br \/>\nSvoris [kg]: 33<br \/>\nSpalvos: Grange \u0105\u017euolas, grafitas<\/p>","protected":false},"featured_media":227001,"comment_status":"open","ping_status":"open","template":"","meta":[],"product_brand":[],"product_cat":[1173,8386],"product_tag":[],"class_list":{"0":"post-227000","1":"product","2":"type-product","3":"status-publish","4":"has-post-thumbnail","6":"product_cat-chests-of-drawers","7":"product_cat-meblocross","9":"first","10":"instock","11":"purchasable","12":"product-type-simple"},"_links":{"self":[{"href":"https:\/\/baldumarket.lt\/lt\/wp-json\/wp\/v2\/product\/227000","targetHints":{"allow":["GET"]}}],"collection":[{"href":"https:\/\/baldumarket.lt\/lt\/wp-json\/wp\/v2\/product"}],"about":[{"href":"https:\/\/baldumarket.lt\/lt\/wp-json\/wp\/v2\/types\/product"}],"replies":[{"embeddable":true,"href":"https:\/\/baldumarket.lt\/lt\/wp-json\/wp\/v2\/comments?post=227000"}],"wp:featuredmedia":[{"embeddable":true,"href":"https:\/\/baldumarket.lt\/lt\/wp-json\/wp\/v2\/media\/227001"}],"wp:attachment":[{"href":"https:\/\/baldumarket.lt\/lt\/wp-json\/wp\/v2\/media?parent=227000"}],"wp:term":[{"taxonomy":"product_brand","embeddable":true,"href":"https:\/\/baldumarket.lt\/lt\/wp-json\/wp\/v2\/product_brand?post=227000"},{"taxonomy":"product_cat","embeddable":true,"href":"https:\/\/baldumarket.lt\/lt\/wp-json\/wp\/v2\/product_cat?post=227000"},{"taxonomy":"product_tag","embeddable":true,"href":"https:\/\/baldumarket.lt\/lt\/wp-json\/wp\/v2\/product_tag?post=227000"}],"curies":[{"name":"wp","href":"https:\/\/api.w.org\/{rel}","templated":true}]}}