{"id":226970,"date":"2025-12-28T05:22:10","date_gmt":"2025-12-28T02:22:10","guid":{"rendered":"https:\/\/baldumarket.lt\/product\/meble-delis-05-komoda-z-szufladami-do-salonu-sypialni-dab-grange-grafit\/"},"modified":"2026-02-11T18:37:24","modified_gmt":"2026-02-11T15:37:24","slug":"meble-delis-05-komoda-z-szufladami-do-salonu-sypialni-dab-grange-grafit","status":"publish","type":"product","link":"https:\/\/baldumarket.lt\/lt\/product\/meble-delis-05-komoda-z-szufladami-do-salonu-sypialni-dab-grange-grafit\/","title":{"rendered":"DELIS 05 bald\u0173 komoda svetainei, miegamajam, \u0105\u017euolo, granito spalvos"},"content":{"rendered":"<p>DELIS 05 komoda svetainei ir miegamajam. 16 mm ir 25 mm plok\u0161t\u0117, ABS kra\u0161tas, \u0161velnaus u\u017edarymo sistema, visi\u0161kai atidaromos b\u0117gel\u0117s. Spalva: Grange Oak \/ Grafit.<\/p>","protected":false},"excerpt":{"rendered":"<p>Plotis [cm]: 80<br \/>\nAuk\u0161tis [cm]: 86<br \/>\nGylis [cm]: 43<br \/>\nT\u016bris [m3]: 0,091<br \/>\nSvoris [kg]: 42<br \/>\nSpalvos: Grange \u0105\u017euolas, grafitas<\/p>","protected":false},"featured_media":226971,"comment_status":"open","ping_status":"open","template":"","meta":[],"product_brand":[],"product_cat":[1173,8386],"product_tag":[],"class_list":{"0":"post-226970","1":"product","2":"type-product","3":"status-publish","4":"has-post-thumbnail","6":"product_cat-chests-of-drawers","7":"product_cat-meblocross","9":"first","10":"instock","11":"purchasable","12":"product-type-simple"},"_links":{"self":[{"href":"https:\/\/baldumarket.lt\/lt\/wp-json\/wp\/v2\/product\/226970","targetHints":{"allow":["GET"]}}],"collection":[{"href":"https:\/\/baldumarket.lt\/lt\/wp-json\/wp\/v2\/product"}],"about":[{"href":"https:\/\/baldumarket.lt\/lt\/wp-json\/wp\/v2\/types\/product"}],"replies":[{"embeddable":true,"href":"https:\/\/baldumarket.lt\/lt\/wp-json\/wp\/v2\/comments?post=226970"}],"wp:featuredmedia":[{"embeddable":true,"href":"https:\/\/baldumarket.lt\/lt\/wp-json\/wp\/v2\/media\/226971"}],"wp:attachment":[{"href":"https:\/\/baldumarket.lt\/lt\/wp-json\/wp\/v2\/media?parent=226970"}],"wp:term":[{"taxonomy":"product_brand","embeddable":true,"href":"https:\/\/baldumarket.lt\/lt\/wp-json\/wp\/v2\/product_brand?post=226970"},{"taxonomy":"product_cat","embeddable":true,"href":"https:\/\/baldumarket.lt\/lt\/wp-json\/wp\/v2\/product_cat?post=226970"},{"taxonomy":"product_tag","embeddable":true,"href":"https:\/\/baldumarket.lt\/lt\/wp-json\/wp\/v2\/product_tag?post=226970"}],"curies":[{"name":"wp","href":"https:\/\/api.w.org\/{rel}","templated":true}]}}