{"id":226962,"date":"2025-12-28T05:21:54","date_gmt":"2025-12-28T02:21:54","guid":{"rendered":"https:\/\/baldumarket.lt\/product\/meble-delis-06-lawa-stolik-kawowy-z-polka-do-salonu-dab-artisan\/"},"modified":"2026-02-11T18:37:25","modified_gmt":"2026-02-11T15:37:25","slug":"meble-delis-06-lawa-stolik-kawowy-z-polka-do-salonu-dab-artisan","status":"publish","type":"product","link":"https:\/\/baldumarket.lt\/lt\/product\/meble-delis-06-lawa-stolik-kawowy-z-polka-do-salonu-dab-artisan\/","title":{"rendered":"DELIS 06 kavos staliukas su lentyna svetainei, \u0105\u017euolo spalvos"},"content":{"rendered":"<p>DELIS 06 kavos staliukas su lentyna svetainei. 16 mm ir 25 mm plok\u0161t\u0117, ABS kra\u0161tas. Spalva: \u201eArtisan Oak\u201c.<\/p>","protected":false},"excerpt":{"rendered":"<p>Plotis [cm]: 110<br \/>\nAuk\u0161tis [cm]: 46<br \/>\nGylis [cm]: 60<br \/>\nT\u016bris [m3]: 0,056<br \/>\nSvoris [kg]: 22<br \/>\nSpalva: Artisan Oak<\/p>","protected":false},"featured_media":226963,"comment_status":"open","ping_status":"open","template":"","meta":[],"product_brand":[],"product_cat":[866,8386],"product_tag":[],"class_list":{"0":"post-226962","1":"product","2":"type-product","3":"status-publish","4":"has-post-thumbnail","6":"product_cat-coffee-tables","7":"product_cat-meblocross","9":"first","10":"instock","11":"purchasable","12":"product-type-simple"},"_links":{"self":[{"href":"https:\/\/baldumarket.lt\/lt\/wp-json\/wp\/v2\/product\/226962","targetHints":{"allow":["GET"]}}],"collection":[{"href":"https:\/\/baldumarket.lt\/lt\/wp-json\/wp\/v2\/product"}],"about":[{"href":"https:\/\/baldumarket.lt\/lt\/wp-json\/wp\/v2\/types\/product"}],"replies":[{"embeddable":true,"href":"https:\/\/baldumarket.lt\/lt\/wp-json\/wp\/v2\/comments?post=226962"}],"wp:featuredmedia":[{"embeddable":true,"href":"https:\/\/baldumarket.lt\/lt\/wp-json\/wp\/v2\/media\/226963"}],"wp:attachment":[{"href":"https:\/\/baldumarket.lt\/lt\/wp-json\/wp\/v2\/media?parent=226962"}],"wp:term":[{"taxonomy":"product_brand","embeddable":true,"href":"https:\/\/baldumarket.lt\/lt\/wp-json\/wp\/v2\/product_brand?post=226962"},{"taxonomy":"product_cat","embeddable":true,"href":"https:\/\/baldumarket.lt\/lt\/wp-json\/wp\/v2\/product_cat?post=226962"},{"taxonomy":"product_tag","embeddable":true,"href":"https:\/\/baldumarket.lt\/lt\/wp-json\/wp\/v2\/product_tag?post=226962"}],"curies":[{"name":"wp","href":"https:\/\/api.w.org\/{rel}","templated":true}]}}