{"id":226950,"date":"2025-12-28T05:21:16","date_gmt":"2025-12-28T02:21:16","guid":{"rendered":"https:\/\/baldumarket.lt\/product\/meble-delis-06-lawa-stolik-kawowy-z-polka-do-salonu-dab-cremona-granada-mig\/"},"modified":"2026-02-11T18:37:25","modified_gmt":"2026-02-11T15:37:25","slug":"meble-delis-06-lawa-stolik-kawowy-z-polka-do-salonu-dab-cremona-granada-mig","status":"publish","type":"product","link":"https:\/\/baldumarket.lt\/lt\/product\/meble-delis-06-lawa-stolik-kawowy-z-polka-do-salonu-dab-cremona-granada-mig\/","title":{"rendered":"DELIS 06 kavos staliukas su lentyna svetainei, \u0105\u017euolas \u201eCremona\u201c, \u0105\u017euolas \u201eGranada MIG\u201c"},"content":{"rendered":"<p>DELIS 06 kavos staliukas su lentyna svetainei. 16 mm ir 25 mm plok\u0161t\u0117, ABS kra\u0161tas. Spalva: Cremona \u0105\u017euolas \/ Granada migdol\u0173 spalva.<\/p>","protected":false},"excerpt":{"rendered":"<p>Plotis [cm]: 110<br \/>\nAuk\u0161tis [cm]: 46<br \/>\nGylis [cm]: 60<br \/>\nT\u016bris [m3]: 0,056<br \/>\nSvoris [kg]: 22<br \/>\nSpalvos: Kremonos \u0105\u017euolas, Granados migdolas<\/p>","protected":false},"featured_media":226951,"comment_status":"open","ping_status":"open","template":"","meta":[],"product_brand":[],"product_cat":[866,8386],"product_tag":[],"class_list":{"0":"post-226950","1":"product","2":"type-product","3":"status-publish","4":"has-post-thumbnail","6":"product_cat-coffee-tables","7":"product_cat-meblocross","9":"first","10":"instock","11":"purchasable","12":"product-type-simple"},"_links":{"self":[{"href":"https:\/\/baldumarket.lt\/lt\/wp-json\/wp\/v2\/product\/226950","targetHints":{"allow":["GET"]}}],"collection":[{"href":"https:\/\/baldumarket.lt\/lt\/wp-json\/wp\/v2\/product"}],"about":[{"href":"https:\/\/baldumarket.lt\/lt\/wp-json\/wp\/v2\/types\/product"}],"replies":[{"embeddable":true,"href":"https:\/\/baldumarket.lt\/lt\/wp-json\/wp\/v2\/comments?post=226950"}],"wp:featuredmedia":[{"embeddable":true,"href":"https:\/\/baldumarket.lt\/lt\/wp-json\/wp\/v2\/media\/226951"}],"wp:attachment":[{"href":"https:\/\/baldumarket.lt\/lt\/wp-json\/wp\/v2\/media?parent=226950"}],"wp:term":[{"taxonomy":"product_brand","embeddable":true,"href":"https:\/\/baldumarket.lt\/lt\/wp-json\/wp\/v2\/product_brand?post=226950"},{"taxonomy":"product_cat","embeddable":true,"href":"https:\/\/baldumarket.lt\/lt\/wp-json\/wp\/v2\/product_cat?post=226950"},{"taxonomy":"product_tag","embeddable":true,"href":"https:\/\/baldumarket.lt\/lt\/wp-json\/wp\/v2\/product_tag?post=226950"}],"curies":[{"name":"wp","href":"https:\/\/api.w.org\/{rel}","templated":true}]}}