{"id":226934,"date":"2025-12-28T05:20:48","date_gmt":"2025-12-28T02:20:48","guid":{"rendered":"https:\/\/baldumarket.lt\/product\/meble-delis-07-polka-wiszaca-scienna-do-salonu-dab-craft-zloty\/"},"modified":"2026-02-11T18:37:25","modified_gmt":"2026-02-11T15:37:25","slug":"meble-delis-07-polka-wiszaca-scienna-do-salonu-dab-craft-zloty","status":"publish","type":"product","link":"https:\/\/baldumarket.lt\/lt\/product\/meble-delis-07-polka-wiszaca-scienna-do-salonu-dab-craft-zloty\/","title":{"rendered":"DELIS 07 bald\u0173 sienin\u0117 lentyna svetainei, auksinio \u0105\u017euolo spalvos"},"content":{"rendered":"<p>DELIS 07 pakabinama sienin\u0117 lentyna svetainei. 16 mm ir 25 mm plok\u0161t\u0117, ABS kra\u0161tas. Spalva: auksinis \u0105\u017euolas.<\/p>","protected":false},"excerpt":{"rendered":"<p>Plotis [cm]: 80<br \/>\nAuk\u0161tis [cm]: 39<br \/>\nGylis [cm]: 25<br \/>\nT\u016bris [m3]: 0,032<br \/>\nSvoris [kg]: 10<br \/>\nSpalva: auksinis \u0105\u017euolas<\/p>","protected":false},"featured_media":226935,"comment_status":"open","ping_status":"open","template":"","meta":[],"product_brand":[],"product_cat":[1174,8386],"product_tag":[],"class_list":{"0":"post-226934","1":"product","2":"type-product","3":"status-publish","4":"has-post-thumbnail","6":"product_cat-hanging-shelves","7":"product_cat-meblocross","9":"first","10":"instock","11":"purchasable","12":"product-type-simple"},"_links":{"self":[{"href":"https:\/\/baldumarket.lt\/lt\/wp-json\/wp\/v2\/product\/226934","targetHints":{"allow":["GET"]}}],"collection":[{"href":"https:\/\/baldumarket.lt\/lt\/wp-json\/wp\/v2\/product"}],"about":[{"href":"https:\/\/baldumarket.lt\/lt\/wp-json\/wp\/v2\/types\/product"}],"replies":[{"embeddable":true,"href":"https:\/\/baldumarket.lt\/lt\/wp-json\/wp\/v2\/comments?post=226934"}],"wp:featuredmedia":[{"embeddable":true,"href":"https:\/\/baldumarket.lt\/lt\/wp-json\/wp\/v2\/media\/226935"}],"wp:attachment":[{"href":"https:\/\/baldumarket.lt\/lt\/wp-json\/wp\/v2\/media?parent=226934"}],"wp:term":[{"taxonomy":"product_brand","embeddable":true,"href":"https:\/\/baldumarket.lt\/lt\/wp-json\/wp\/v2\/product_brand?post=226934"},{"taxonomy":"product_cat","embeddable":true,"href":"https:\/\/baldumarket.lt\/lt\/wp-json\/wp\/v2\/product_cat?post=226934"},{"taxonomy":"product_tag","embeddable":true,"href":"https:\/\/baldumarket.lt\/lt\/wp-json\/wp\/v2\/product_tag?post=226934"}],"curies":[{"name":"wp","href":"https:\/\/api.w.org\/{rel}","templated":true}]}}