{"id":226921,"date":"2025-12-28T05:20:23","date_gmt":"2025-12-28T02:20:23","guid":{"rendered":"https:\/\/baldumarket.lt\/product\/meble-delis-08-regal-z-drzwiami-szufladami-do-salonu-craft-zloty-granada-br\/"},"modified":"2026-02-11T18:37:25","modified_gmt":"2026-02-11T15:37:25","slug":"meble-delis-08-regal-z-drzwiami-szufladami-do-salonu-craft-zloty-granada-br","status":"publish","type":"product","link":"https:\/\/baldumarket.lt\/lt\/product\/meble-delis-08-regal-z-drzwiami-szufladami-do-salonu-craft-zloty-granada-br\/","title":{"rendered":"DELIS 08 bald\u0173 lentyna su durel\u0117mis ir stal\u010diais svetainei, aukso, granados ir rudos spalvos"},"content":{"rendered":"<p>DELIS 08 knyg\u0173 lentyna su durel\u0117mis ir stal\u010diais svetainei. 16 mm ir 25 mm plok\u0161t\u0117, ABS kra\u0161tas, \u0161velnaus u\u017edarymo mechanizmas, visi\u0161kai atidaromos b\u0117gel\u0117s. Spalva: auksinis \u0105\u017euolas \/ granados ruda.<\/p>","protected":false},"excerpt":{"rendered":"<p>Plotis [cm]: 97<br \/>\nAuk\u0161tis [cm]: 118<br \/>\nGylis [cm]: 43<br \/>\nT\u016bris [m3]: 0,117<br \/>\nSvoris [kg]: 53<br \/>\nSpalvos: Granados ruda, auksin\u0117 amatinio \u0105\u017euolo<\/p>","protected":false},"featured_media":226922,"comment_status":"open","ping_status":"open","template":"","meta":[],"product_brand":[],"product_cat":[8386,1987],"product_tag":[],"class_list":{"0":"post-226921","1":"product","2":"type-product","3":"status-publish","4":"has-post-thumbnail","6":"product_cat-meblocross","7":"product_cat-shelving-units","9":"first","10":"instock","11":"purchasable","12":"product-type-simple"},"_links":{"self":[{"href":"https:\/\/baldumarket.lt\/lt\/wp-json\/wp\/v2\/product\/226921","targetHints":{"allow":["GET"]}}],"collection":[{"href":"https:\/\/baldumarket.lt\/lt\/wp-json\/wp\/v2\/product"}],"about":[{"href":"https:\/\/baldumarket.lt\/lt\/wp-json\/wp\/v2\/types\/product"}],"replies":[{"embeddable":true,"href":"https:\/\/baldumarket.lt\/lt\/wp-json\/wp\/v2\/comments?post=226921"}],"wp:featuredmedia":[{"embeddable":true,"href":"https:\/\/baldumarket.lt\/lt\/wp-json\/wp\/v2\/media\/226922"}],"wp:attachment":[{"href":"https:\/\/baldumarket.lt\/lt\/wp-json\/wp\/v2\/media?parent=226921"}],"wp:term":[{"taxonomy":"product_brand","embeddable":true,"href":"https:\/\/baldumarket.lt\/lt\/wp-json\/wp\/v2\/product_brand?post=226921"},{"taxonomy":"product_cat","embeddable":true,"href":"https:\/\/baldumarket.lt\/lt\/wp-json\/wp\/v2\/product_cat?post=226921"},{"taxonomy":"product_tag","embeddable":true,"href":"https:\/\/baldumarket.lt\/lt\/wp-json\/wp\/v2\/product_tag?post=226921"}],"curies":[{"name":"wp","href":"https:\/\/api.w.org\/{rel}","templated":true}]}}