{"id":226891,"date":"2025-12-28T05:19:00","date_gmt":"2025-12-28T02:19:00","guid":{"rendered":"https:\/\/baldumarket.lt\/product\/meble-delis-09-wysoki-regal-z-drzwiami-polkami-craft-zloty-granada-braz\/"},"modified":"2026-02-24T15:43:53","modified_gmt":"2026-02-24T12:43:53","slug":"meble-delis-09-wysoki-regal-z-drzwiami-polkami-craft-zloty-granada-braz","status":"publish","type":"product","link":"https:\/\/baldumarket.lt\/lt\/product\/meble-delis-09-wysoki-regal-z-drzwiami-polkami-craft-zloty-granada-braz\/","title":{"rendered":"DELIS 09 baldai, auk\u0161ta knyg\u0173 lentyna su durel\u0117mis, rankdarbi\u0173 lentynos, auksin\u0117 granados ruda"},"content":{"rendered":"<p>Auk\u0161ta knyg\u0173 lentyna DELIS 09 su durel\u0117mis ir lentynomis svetainei. 16 mm ir 25 mm plok\u0161t\u0117, ABS kra\u0161tas, \u0161velnus u\u017edarymas. Spalva: auksinis \u0105\u017euolas \/ granados ruda.<\/p>","protected":false},"excerpt":{"rendered":"<p>Plotis [cm]: 80<br \/>\n\u016agis [cm]: 186<br \/>\nGylis [cm]: 43<br \/>\nT\u016bris [m3]: 0,115<br \/>\nSvoris [kg]: 46<br \/>\nSpalvos: Granados ruda, auksin\u0117 amatinio \u0105\u017euolo<\/p>","protected":false},"featured_media":226892,"comment_status":"open","ping_status":"open","template":"","meta":[],"product_brand":[],"product_cat":[8386,1987],"product_tag":[],"class_list":{"0":"post-226891","1":"product","2":"type-product","3":"status-publish","4":"has-post-thumbnail","6":"product_cat-meblocross","7":"product_cat-shelving-units","9":"first","10":"instock","11":"purchasable","12":"product-type-simple"},"_links":{"self":[{"href":"https:\/\/baldumarket.lt\/lt\/wp-json\/wp\/v2\/product\/226891","targetHints":{"allow":["GET"]}}],"collection":[{"href":"https:\/\/baldumarket.lt\/lt\/wp-json\/wp\/v2\/product"}],"about":[{"href":"https:\/\/baldumarket.lt\/lt\/wp-json\/wp\/v2\/types\/product"}],"replies":[{"embeddable":true,"href":"https:\/\/baldumarket.lt\/lt\/wp-json\/wp\/v2\/comments?post=226891"}],"wp:featuredmedia":[{"embeddable":true,"href":"https:\/\/baldumarket.lt\/lt\/wp-json\/wp\/v2\/media\/226892"}],"wp:attachment":[{"href":"https:\/\/baldumarket.lt\/lt\/wp-json\/wp\/v2\/media?parent=226891"}],"wp:term":[{"taxonomy":"product_brand","embeddable":true,"href":"https:\/\/baldumarket.lt\/lt\/wp-json\/wp\/v2\/product_brand?post=226891"},{"taxonomy":"product_cat","embeddable":true,"href":"https:\/\/baldumarket.lt\/lt\/wp-json\/wp\/v2\/product_cat?post=226891"},{"taxonomy":"product_tag","embeddable":true,"href":"https:\/\/baldumarket.lt\/lt\/wp-json\/wp\/v2\/product_tag?post=226891"}],"curies":[{"name":"wp","href":"https:\/\/api.w.org\/{rel}","templated":true}]}}