{"id":226866,"date":"2025-12-28T05:17:55","date_gmt":"2025-12-28T02:17:55","guid":{"rendered":"https:\/\/baldumarket.lt\/product\/meble-delis-09-wysoki-regal-z-drzwiami-polkami-dab-grange-grafit\/"},"modified":"2026-02-11T18:37:26","modified_gmt":"2026-02-11T15:37:26","slug":"meble-delis-09-wysoki-regal-z-drzwiami-polkami-dab-grange-grafit","status":"publish","type":"product","link":"https:\/\/baldumarket.lt\/lt\/product\/meble-delis-09-wysoki-regal-z-drzwiami-polkami-dab-grange-grafit\/","title":{"rendered":"DELIS 09 baldai, auk\u0161ta knyg\u0173 lentyna su durel\u0117mis ir lentynomis, Grange \u0105\u017euolas, grafitas"},"content":{"rendered":"<p>DELIS 09 auk\u0161ta knyg\u0173 lentyna su durel\u0117mis ir lentynomis svetainei. 16 mm ir 25 mm plok\u0161t\u0117, ABS kra\u0161tas, \u0161velnus u\u017edarymas. Spalva: Grange Oak \/ Grafit.<\/p>","protected":false},"excerpt":{"rendered":"<p>Plotis [cm]: 80<br \/>\n\u016agis [cm]: 186<br \/>\nGylis [cm]: 43<br \/>\nT\u016bris [m3]: 0,115<br \/>\nSvoris [kg]: 46<br \/>\nSpalvos: Grange \u0105\u017euolas, grafitas<\/p>","protected":false},"featured_media":226867,"comment_status":"open","ping_status":"open","template":"","meta":[],"product_brand":[],"product_cat":[8386,1987],"product_tag":[],"class_list":{"0":"post-226866","1":"product","2":"type-product","3":"status-publish","4":"has-post-thumbnail","6":"product_cat-meblocross","7":"product_cat-shelving-units","9":"first","10":"instock","11":"purchasable","12":"product-type-simple"},"_links":{"self":[{"href":"https:\/\/baldumarket.lt\/lt\/wp-json\/wp\/v2\/product\/226866","targetHints":{"allow":["GET"]}}],"collection":[{"href":"https:\/\/baldumarket.lt\/lt\/wp-json\/wp\/v2\/product"}],"about":[{"href":"https:\/\/baldumarket.lt\/lt\/wp-json\/wp\/v2\/types\/product"}],"replies":[{"embeddable":true,"href":"https:\/\/baldumarket.lt\/lt\/wp-json\/wp\/v2\/comments?post=226866"}],"wp:featuredmedia":[{"embeddable":true,"href":"https:\/\/baldumarket.lt\/lt\/wp-json\/wp\/v2\/media\/226867"}],"wp:attachment":[{"href":"https:\/\/baldumarket.lt\/lt\/wp-json\/wp\/v2\/media?parent=226866"}],"wp:term":[{"taxonomy":"product_brand","embeddable":true,"href":"https:\/\/baldumarket.lt\/lt\/wp-json\/wp\/v2\/product_brand?post=226866"},{"taxonomy":"product_cat","embeddable":true,"href":"https:\/\/baldumarket.lt\/lt\/wp-json\/wp\/v2\/product_cat?post=226866"},{"taxonomy":"product_tag","embeddable":true,"href":"https:\/\/baldumarket.lt\/lt\/wp-json\/wp\/v2\/product_tag?post=226866"}],"curies":[{"name":"wp","href":"https:\/\/api.w.org\/{rel}","templated":true}]}}