{"id":226846,"date":"2025-12-28T05:16:52","date_gmt":"2025-12-28T02:16:52","guid":{"rendered":"https:\/\/baldumarket.lt\/product\/meble-delis-10-komoda-stolik-szafka-rtv-140-dab-cremona\/"},"modified":"2026-02-11T18:37:26","modified_gmt":"2026-02-11T15:37:26","slug":"meble-delis-10-komoda-stolik-szafka-rtv-140-dab-cremona","status":"publish","type":"product","link":"https:\/\/baldumarket.lt\/lt\/product\/meble-delis-10-komoda-stolik-szafka-rtv-140-dab-cremona\/","title":{"rendered":"DELIS 10 bald\u0173, komoda, televizorius staliukas, 140 cm, kremonos \u0105\u017euolas"},"content":{"rendered":"<p>DELIS komoda su 10 stal\u010di\u0173, TV staliukas, 140 cm, svetainei. 16 mm ir 25 mm plok\u0161t\u0117, ABS kra\u0161tas, \u0161velnaus u\u017edarymo sistema, PILNAI ATIDARYTOS b\u0117gel\u0117s. Spalva: Kremonos \u0105\u017euolas.<\/p>","protected":false},"excerpt":{"rendered":"<p>Plotis [cm]: 140<br \/>\nAuk\u0161tis [cm]: 49<br \/>\nGylis [cm]: 43<br \/>\nT\u016bris [m3]: 0,073<br \/>\nSvoris [kg]: 32<br \/>\nSpalva: Kremonos \u0105\u017euolas<\/p>","protected":false},"featured_media":226847,"comment_status":"open","ping_status":"open","template":"","meta":[],"product_brand":[],"product_cat":[8386,1175],"product_tag":[],"class_list":{"0":"post-226846","1":"product","2":"type-product","3":"status-publish","4":"has-post-thumbnail","6":"product_cat-meblocross","7":"product_cat-tv-stands","9":"first","10":"instock","11":"purchasable","12":"product-type-simple"},"_links":{"self":[{"href":"https:\/\/baldumarket.lt\/lt\/wp-json\/wp\/v2\/product\/226846","targetHints":{"allow":["GET"]}}],"collection":[{"href":"https:\/\/baldumarket.lt\/lt\/wp-json\/wp\/v2\/product"}],"about":[{"href":"https:\/\/baldumarket.lt\/lt\/wp-json\/wp\/v2\/types\/product"}],"replies":[{"embeddable":true,"href":"https:\/\/baldumarket.lt\/lt\/wp-json\/wp\/v2\/comments?post=226846"}],"wp:featuredmedia":[{"embeddable":true,"href":"https:\/\/baldumarket.lt\/lt\/wp-json\/wp\/v2\/media\/226847"}],"wp:attachment":[{"href":"https:\/\/baldumarket.lt\/lt\/wp-json\/wp\/v2\/media?parent=226846"}],"wp:term":[{"taxonomy":"product_brand","embeddable":true,"href":"https:\/\/baldumarket.lt\/lt\/wp-json\/wp\/v2\/product_brand?post=226846"},{"taxonomy":"product_cat","embeddable":true,"href":"https:\/\/baldumarket.lt\/lt\/wp-json\/wp\/v2\/product_cat?post=226846"},{"taxonomy":"product_tag","embeddable":true,"href":"https:\/\/baldumarket.lt\/lt\/wp-json\/wp\/v2\/product_tag?post=226846"}],"curies":[{"name":"wp","href":"https:\/\/api.w.org\/{rel}","templated":true}]}}