{"id":226801,"date":"2025-12-28T05:15:12","date_gmt":"2025-12-28T02:15:12","guid":{"rendered":"https:\/\/baldumarket.lt\/product\/meble-delis-12-szafa-z-szufladami-do-przedpokoju-salonu-craft-zloty-gra-br\/"},"modified":"2026-02-11T18:37:26","modified_gmt":"2026-02-11T15:37:26","slug":"meble-delis-12-szafa-z-szufladami-do-przedpokoju-salonu-craft-zloty-gra-br","status":"publish","type":"product","link":"https:\/\/baldumarket.lt\/lt\/product\/meble-delis-12-szafa-z-szufladami-do-przedpokoju-salonu-craft-zloty-gra-br\/","title":{"rendered":"DELIS 12 bald\u0173 spinta su stal\u010diais prie\u0161kambariui, svetainei, aukso spalvos, ruda"},"content":{"rendered":"<p>DELIS 12 spinta su stal\u010diais prie\u0161kambariui, svetainei, miegamajam. 16 mm ir 25 mm plok\u0161t\u0117, ABS kra\u0161tas, \u0161velnaus u\u017edarymo sistema, PILNAI ATIDARYTOS b\u0117gel\u0117s. Spalva: auksinis \u0105\u017euolas \/ granados ruda.<\/p>","protected":false},"excerpt":{"rendered":"<p>Plotis [cm]: 97<br \/>\n\u016agis [cm]: 186<br \/>\nGylis [cm]: 57<br \/>\nT\u016bris [m3]: 0,166<br \/>\nSpintos dydis: 2 durys<br \/>\nSvoris [kg]: 77<\/p>","protected":false},"featured_media":226802,"comment_status":"open","ping_status":"open","template":"","meta":[],"product_brand":[],"product_cat":[8386,1177],"product_tag":[],"class_list":{"0":"post-226801","1":"product","2":"type-product","3":"status-publish","4":"has-post-thumbnail","6":"product_cat-meblocross","7":"product_cat-wardrobes","9":"first","10":"instock","11":"purchasable","12":"product-type-simple"},"_links":{"self":[{"href":"https:\/\/baldumarket.lt\/lt\/wp-json\/wp\/v2\/product\/226801","targetHints":{"allow":["GET"]}}],"collection":[{"href":"https:\/\/baldumarket.lt\/lt\/wp-json\/wp\/v2\/product"}],"about":[{"href":"https:\/\/baldumarket.lt\/lt\/wp-json\/wp\/v2\/types\/product"}],"replies":[{"embeddable":true,"href":"https:\/\/baldumarket.lt\/lt\/wp-json\/wp\/v2\/comments?post=226801"}],"wp:featuredmedia":[{"embeddable":true,"href":"https:\/\/baldumarket.lt\/lt\/wp-json\/wp\/v2\/media\/226802"}],"wp:attachment":[{"href":"https:\/\/baldumarket.lt\/lt\/wp-json\/wp\/v2\/media?parent=226801"}],"wp:term":[{"taxonomy":"product_brand","embeddable":true,"href":"https:\/\/baldumarket.lt\/lt\/wp-json\/wp\/v2\/product_brand?post=226801"},{"taxonomy":"product_cat","embeddable":true,"href":"https:\/\/baldumarket.lt\/lt\/wp-json\/wp\/v2\/product_cat?post=226801"},{"taxonomy":"product_tag","embeddable":true,"href":"https:\/\/baldumarket.lt\/lt\/wp-json\/wp\/v2\/product_tag?post=226801"}],"curies":[{"name":"wp","href":"https:\/\/api.w.org\/{rel}","templated":true}]}}