{"id":226761,"date":"2025-12-28T05:13:46","date_gmt":"2025-12-28T02:13:46","guid":{"rendered":"https:\/\/baldumarket.lt\/product\/meble-delis-13-szafka-polka-wiszaca-scienna-z-drzwiami-dab-artisan-czarny\/"},"modified":"2026-02-11T18:37:27","modified_gmt":"2026-02-11T15:37:27","slug":"meble-delis-13-szafka-polka-wiszaca-scienna-z-drzwiami-dab-artisan-czarny","status":"publish","type":"product","link":"https:\/\/baldumarket.lt\/lt\/product\/meble-delis-13-szafka-polka-wiszaca-scienna-z-drzwiami-dab-artisan-czarny\/","title":{"rendered":"DELIS 13 baldai, sienin\u0117 lentyn\u0173 spintel\u0117 su durel\u0117mis, juodas \u0105\u017euolas"},"content":{"rendered":"<p>DELIS 13 pakabinama lentyn\u0173 spintel\u0117 su durel\u0117mis. 16 mm ir 25 mm plok\u0161t\u0117, ABS kra\u0161tas, \u0161velnus u\u017edarymas. Spalva: \u0105\u017euolas \/ juoda.<\/p>","protected":false},"excerpt":{"rendered":"<p>Plotis [cm]: 140<br \/>\nAuk\u0161tis [cm]: 39<br \/>\nGylis [cm]: 27<br \/>\nT\u016bris [m3]: 0,054<br \/>\nSvoris [kg]: 19<br \/>\nSpalvos: \u0105\u017euolas, juoda<\/p>","protected":false},"featured_media":226762,"comment_status":"open","ping_status":"open","template":"","meta":[],"product_brand":[],"product_cat":[1174,8386],"product_tag":[],"class_list":{"0":"post-226761","1":"product","2":"type-product","3":"status-publish","4":"has-post-thumbnail","6":"product_cat-hanging-shelves","7":"product_cat-meblocross","9":"first","10":"instock","11":"purchasable","12":"product-type-simple"},"_links":{"self":[{"href":"https:\/\/baldumarket.lt\/lt\/wp-json\/wp\/v2\/product\/226761","targetHints":{"allow":["GET"]}}],"collection":[{"href":"https:\/\/baldumarket.lt\/lt\/wp-json\/wp\/v2\/product"}],"about":[{"href":"https:\/\/baldumarket.lt\/lt\/wp-json\/wp\/v2\/types\/product"}],"replies":[{"embeddable":true,"href":"https:\/\/baldumarket.lt\/lt\/wp-json\/wp\/v2\/comments?post=226761"}],"wp:featuredmedia":[{"embeddable":true,"href":"https:\/\/baldumarket.lt\/lt\/wp-json\/wp\/v2\/media\/226762"}],"wp:attachment":[{"href":"https:\/\/baldumarket.lt\/lt\/wp-json\/wp\/v2\/media?parent=226761"}],"wp:term":[{"taxonomy":"product_brand","embeddable":true,"href":"https:\/\/baldumarket.lt\/lt\/wp-json\/wp\/v2\/product_brand?post=226761"},{"taxonomy":"product_cat","embeddable":true,"href":"https:\/\/baldumarket.lt\/lt\/wp-json\/wp\/v2\/product_cat?post=226761"},{"taxonomy":"product_tag","embeddable":true,"href":"https:\/\/baldumarket.lt\/lt\/wp-json\/wp\/v2\/product_tag?post=226761"}],"curies":[{"name":"wp","href":"https:\/\/api.w.org\/{rel}","templated":true}]}}