{"id":226736,"date":"2025-12-28T05:12:58","date_gmt":"2025-12-28T02:12:58","guid":{"rendered":"https:\/\/baldumarket.lt\/product\/meble-delis-14-niska-witryna-do-salonu-dab-artisan-czarny\/"},"modified":"2026-02-11T18:37:27","modified_gmt":"2026-02-11T15:37:27","slug":"meble-delis-14-niska-witryna-do-salonu-dab-artisan-czarny","status":"publish","type":"product","link":"https:\/\/baldumarket.lt\/lt\/product\/meble-delis-14-niska-witryna-do-salonu-dab-artisan-czarny\/","title":{"rendered":"DELIS 14 \u017eema vitrina svetainei, \u0105\u017euolas, juoda"},"content":{"rendered":"<p>\u017dema DELIS 14 vitrina svetainei. 16 mm ir 25 mm plok\u0161t\u0117, ABS kra\u0161tas, \u0161velnus u\u017edarymas. Spalva: \u0105\u017euolas \/ juoda.<\/p>","protected":false},"excerpt":{"rendered":"<p>Plotis [cm]: 97<br \/>\nAuk\u0161tis [cm]: 118<br \/>\nGylis [cm]: 43<br \/>\nT\u016bris [m3]: 0,112<br \/>\nSvoris [kg]: 53<br \/>\nSpalvos: \u0105\u017euolas, juoda<\/p>","protected":false},"featured_media":226737,"comment_status":"open","ping_status":"open","template":"","meta":[],"product_brand":[],"product_cat":[8386,2006],"product_tag":[],"class_list":{"0":"post-226736","1":"product","2":"type-product","3":"status-publish","4":"has-post-thumbnail","6":"product_cat-meblocross","7":"product_cat-vitrines","9":"first","10":"instock","11":"purchasable","12":"product-type-simple"},"_links":{"self":[{"href":"https:\/\/baldumarket.lt\/lt\/wp-json\/wp\/v2\/product\/226736","targetHints":{"allow":["GET"]}}],"collection":[{"href":"https:\/\/baldumarket.lt\/lt\/wp-json\/wp\/v2\/product"}],"about":[{"href":"https:\/\/baldumarket.lt\/lt\/wp-json\/wp\/v2\/types\/product"}],"replies":[{"embeddable":true,"href":"https:\/\/baldumarket.lt\/lt\/wp-json\/wp\/v2\/comments?post=226736"}],"wp:featuredmedia":[{"embeddable":true,"href":"https:\/\/baldumarket.lt\/lt\/wp-json\/wp\/v2\/media\/226737"}],"wp:attachment":[{"href":"https:\/\/baldumarket.lt\/lt\/wp-json\/wp\/v2\/media?parent=226736"}],"wp:term":[{"taxonomy":"product_brand","embeddable":true,"href":"https:\/\/baldumarket.lt\/lt\/wp-json\/wp\/v2\/product_brand?post=226736"},{"taxonomy":"product_cat","embeddable":true,"href":"https:\/\/baldumarket.lt\/lt\/wp-json\/wp\/v2\/product_cat?post=226736"},{"taxonomy":"product_tag","embeddable":true,"href":"https:\/\/baldumarket.lt\/lt\/wp-json\/wp\/v2\/product_tag?post=226736"}],"curies":[{"name":"wp","href":"https:\/\/api.w.org\/{rel}","templated":true}]}}