{"id":226680,"date":"2025-12-28T05:10:51","date_gmt":"2025-12-28T02:10:51","guid":{"rendered":"https:\/\/baldumarket.lt\/product\/meble-dox-1-pokojowe-mebloscianka-regal-szafka-rtv-polka-witryna-cremona\/"},"modified":"2026-02-11T18:37:28","modified_gmt":"2026-02-11T15:37:28","slug":"meble-dox-1-pokojowe-mebloscianka-regal-szafka-rtv-polka-witryna-cremona","status":"publish","type":"product","link":"https:\/\/baldumarket.lt\/lt\/product\/meble-dox-1-pokojowe-mebloscianka-regal-szafka-rtv-polka-witryna-cremona\/","title":{"rendered":"DOX #1 svetain\u0117s baldai, sienin\u0117 spintel\u0117, knyg\u0173 lentyna, TV spintel\u0117, lentyna, vitrina, Kremona"},"content":{"rendered":"<p>DOX 1 rinkinys<br \/>\nKomplekt\u0105 sudaro: DOX 06 baldai, lentyn\u0173 blokas 65\/195\/42 \u2013 51,5 kg \u2013 3 vnt., DOX 09 baldai, televizoriaus spintel\u0117 165\/49\/42 \u2013 36 kg \u2013 2 vnt., DOX 11 baldai, pakabinama lentyna 125\/37\/27 \u2013 17 kg \u2013 1 vnt., DOX 12 baldai, vitrina be LED ap\u0161vietimo 85\/139\/42 \u2013 50 kg \u2013 4 vnt. Papildoma informacija apie DOX sistem\u0105: 16 mm, 25 mm laminuota plok\u0161t\u0117, \u0161velniai u\u017esidarantis atidarymas, ABS kra\u0161tas, 12 cm ABS kojel\u0117s, spalvos: Cremona Oak \/ Granada Almond \/ Granada Brown<\/p>","protected":false},"excerpt":{"rendered":"<p>Svoris [kg]: 154,5<br \/>\nSpalvos: Kremonos \u0105\u017euolas, Granados migdol\u0173 spalva, Granados ruda spalva<\/p>","protected":false},"featured_media":226681,"comment_status":"open","ping_status":"open","template":"","meta":[],"product_brand":[],"product_cat":[8386,2008],"product_tag":[],"class_list":{"0":"post-226680","1":"product","2":"type-product","3":"status-publish","4":"has-post-thumbnail","6":"product_cat-meblocross","7":"product_cat-wall-units","9":"first","10":"instock","11":"purchasable","12":"product-type-simple"},"_links":{"self":[{"href":"https:\/\/baldumarket.lt\/lt\/wp-json\/wp\/v2\/product\/226680","targetHints":{"allow":["GET"]}}],"collection":[{"href":"https:\/\/baldumarket.lt\/lt\/wp-json\/wp\/v2\/product"}],"about":[{"href":"https:\/\/baldumarket.lt\/lt\/wp-json\/wp\/v2\/types\/product"}],"replies":[{"embeddable":true,"href":"https:\/\/baldumarket.lt\/lt\/wp-json\/wp\/v2\/comments?post=226680"}],"wp:featuredmedia":[{"embeddable":true,"href":"https:\/\/baldumarket.lt\/lt\/wp-json\/wp\/v2\/media\/226681"}],"wp:attachment":[{"href":"https:\/\/baldumarket.lt\/lt\/wp-json\/wp\/v2\/media?parent=226680"}],"wp:term":[{"taxonomy":"product_brand","embeddable":true,"href":"https:\/\/baldumarket.lt\/lt\/wp-json\/wp\/v2\/product_brand?post=226680"},{"taxonomy":"product_cat","embeddable":true,"href":"https:\/\/baldumarket.lt\/lt\/wp-json\/wp\/v2\/product_cat?post=226680"},{"taxonomy":"product_tag","embeddable":true,"href":"https:\/\/baldumarket.lt\/lt\/wp-json\/wp\/v2\/product_tag?post=226680"}],"curies":[{"name":"wp","href":"https:\/\/api.w.org\/{rel}","templated":true}]}}