{"id":226677,"date":"2025-12-28T05:10:43","date_gmt":"2025-12-28T02:10:43","guid":{"rendered":"https:\/\/baldumarket.lt\/product\/meble-dox-1-pokojowe-mebloscianka-regal-szafka-rtv-polka-witryna-dab-craft\/"},"modified":"2026-02-11T18:37:28","modified_gmt":"2026-02-11T15:37:28","slug":"meble-dox-1-pokojowe-mebloscianka-regal-szafka-rtv-polka-witryna-dab-craft","status":"publish","type":"product","link":"https:\/\/baldumarket.lt\/lt\/product\/meble-dox-1-pokojowe-mebloscianka-regal-szafka-rtv-polka-witryna-dab-craft\/","title":{"rendered":"DOX #1 svetain\u0117s baldai, sienin\u0117 spintel\u0117, knyg\u0173 lentyna, TV spintel\u0117, lentyna, vitrina, \u0105\u017euolas"},"content":{"rendered":"<p>DOX 1 rinkinys<br \/>\nKomplekt\u0105 sudaro: DOX 06 baldai, lentyn\u0173 blokas 65\/195\/42 \u2013 51,5 kg \u2013 3 p.; DOX 09 baldai, televizoriaus spintel\u0117 165\/49\/42 \u2013 36 kg \u2013 2 p.; DOX 11 baldai, pakabinama lentyna 125\/37\/27 \u2013 17 kg \u2013 1 p.; DOX 12 baldai, vitrina be LED ap\u0161vietimo 85\/139\/42 \u2013 50 kg \u2013 4 p. Papildoma informacija apie DOX sistem\u0105: 16 mm, 25 mm laminuota plok\u0161t\u0117; \u0161velniai u\u017edaroma atidarymo sistema; ABS kra\u0161tas; 12 cm ABS kojel\u0117s; Spalvos: auksin\u0117 \u0105\u017euolo spalva \/ balta \/ juoda<\/p>","protected":false},"excerpt":{"rendered":"<p>Svoris [kg]: 154,5<br \/>\nSpalvos: balta, juoda, auksin\u0117, \u0105\u017euolo spalvos<\/p>","protected":false},"featured_media":226678,"comment_status":"open","ping_status":"open","template":"","meta":[],"product_brand":[],"product_cat":[8386,2008],"product_tag":[],"class_list":{"0":"post-226677","1":"product","2":"type-product","3":"status-publish","4":"has-post-thumbnail","6":"product_cat-meblocross","7":"product_cat-wall-units","9":"first","10":"instock","11":"purchasable","12":"product-type-simple"},"_links":{"self":[{"href":"https:\/\/baldumarket.lt\/lt\/wp-json\/wp\/v2\/product\/226677","targetHints":{"allow":["GET"]}}],"collection":[{"href":"https:\/\/baldumarket.lt\/lt\/wp-json\/wp\/v2\/product"}],"about":[{"href":"https:\/\/baldumarket.lt\/lt\/wp-json\/wp\/v2\/types\/product"}],"replies":[{"embeddable":true,"href":"https:\/\/baldumarket.lt\/lt\/wp-json\/wp\/v2\/comments?post=226677"}],"wp:featuredmedia":[{"embeddable":true,"href":"https:\/\/baldumarket.lt\/lt\/wp-json\/wp\/v2\/media\/226678"}],"wp:attachment":[{"href":"https:\/\/baldumarket.lt\/lt\/wp-json\/wp\/v2\/media?parent=226677"}],"wp:term":[{"taxonomy":"product_brand","embeddable":true,"href":"https:\/\/baldumarket.lt\/lt\/wp-json\/wp\/v2\/product_brand?post=226677"},{"taxonomy":"product_cat","embeddable":true,"href":"https:\/\/baldumarket.lt\/lt\/wp-json\/wp\/v2\/product_cat?post=226677"},{"taxonomy":"product_tag","embeddable":true,"href":"https:\/\/baldumarket.lt\/lt\/wp-json\/wp\/v2\/product_tag?post=226677"}],"curies":[{"name":"wp","href":"https:\/\/api.w.org\/{rel}","templated":true}]}}