{"id":226644,"date":"2025-12-28T05:09:20","date_gmt":"2025-12-28T02:09:20","guid":{"rendered":"https:\/\/baldumarket.lt\/product\/meble-dox-01-szafka-komoda-z-szufladami-do-salonu-dab-cremona-granada-braz\/"},"modified":"2026-02-11T18:37:28","modified_gmt":"2026-02-11T15:37:28","slug":"meble-dox-01-szafka-komoda-z-szufladami-do-salonu-dab-cremona-granada-braz","status":"publish","type":"product","link":"https:\/\/baldumarket.lt\/lt\/product\/meble-dox-01-szafka-komoda-z-szufladami-do-salonu-dab-cremona-granada-braz\/","title":{"rendered":"DOX 01 baldai, komoda, kremonos \u0105\u017euolas, granados ruda, svetainei"},"content":{"rendered":"<p>DOX 01 komoda su stal\u010diais 1d3s<br \/>\nPapildoma informacija apie DOX sistem\u0105: 16 mm, 25 mm laminuota plok\u0161t\u0117, \u0161velnaus u\u017edarymo mechanizmas, ABS kra\u0161tas, 12 cm ABS kojel\u0117s, spalvos: Cremona Oak \/ Granada Almond \/ Granada Brown<\/p>","protected":false},"excerpt":{"rendered":"<p>Plotis [cm]: 95<br \/>\nAuk\u0161tis [cm]: 91<br \/>\nGylis [cm]: 42<br \/>\nSvoris [kg]: 41,5<br \/>\nSpalvos: Kremonos \u0105\u017euolas, Granados migdol\u0173 spalva, Granados ruda spalva<\/p>","protected":false},"featured_media":226645,"comment_status":"open","ping_status":"open","template":"","meta":[],"product_brand":[],"product_cat":[1173,8386],"product_tag":[],"class_list":{"0":"post-226644","1":"product","2":"type-product","3":"status-publish","4":"has-post-thumbnail","6":"product_cat-chests-of-drawers","7":"product_cat-meblocross","9":"first","10":"instock","11":"purchasable","12":"product-type-simple"},"_links":{"self":[{"href":"https:\/\/baldumarket.lt\/lt\/wp-json\/wp\/v2\/product\/226644","targetHints":{"allow":["GET"]}}],"collection":[{"href":"https:\/\/baldumarket.lt\/lt\/wp-json\/wp\/v2\/product"}],"about":[{"href":"https:\/\/baldumarket.lt\/lt\/wp-json\/wp\/v2\/types\/product"}],"replies":[{"embeddable":true,"href":"https:\/\/baldumarket.lt\/lt\/wp-json\/wp\/v2\/comments?post=226644"}],"wp:featuredmedia":[{"embeddable":true,"href":"https:\/\/baldumarket.lt\/lt\/wp-json\/wp\/v2\/media\/226645"}],"wp:attachment":[{"href":"https:\/\/baldumarket.lt\/lt\/wp-json\/wp\/v2\/media?parent=226644"}],"wp:term":[{"taxonomy":"product_brand","embeddable":true,"href":"https:\/\/baldumarket.lt\/lt\/wp-json\/wp\/v2\/product_brand?post=226644"},{"taxonomy":"product_cat","embeddable":true,"href":"https:\/\/baldumarket.lt\/lt\/wp-json\/wp\/v2\/product_cat?post=226644"},{"taxonomy":"product_tag","embeddable":true,"href":"https:\/\/baldumarket.lt\/lt\/wp-json\/wp\/v2\/product_tag?post=226644"}],"curies":[{"name":"wp","href":"https:\/\/api.w.org\/{rel}","templated":true}]}}