{"id":226640,"date":"2025-12-28T05:09:05","date_gmt":"2025-12-28T02:09:05","guid":{"rendered":"https:\/\/baldumarket.lt\/product\/meble-dox-01-szafka-komoda-z-szufladami-do-salonu-dab-grange-bialy-granada\/"},"modified":"2026-02-11T18:37:28","modified_gmt":"2026-02-11T15:37:28","slug":"meble-dox-01-szafka-komoda-z-szufladami-do-salonu-dab-grange-bialy-granada","status":"publish","type":"product","link":"https:\/\/baldumarket.lt\/lt\/product\/meble-dox-01-szafka-komoda-z-szufladami-do-salonu-dab-grange-bialy-granada\/","title":{"rendered":"DOX 01 baldai, komoda, svetain\u0117s spintel\u0117, \u0105\u017euolas, granada, balta, granada"},"content":{"rendered":"<p>DOX 01 komoda su stal\u010diais 1d3s<br \/>\nPapildoma informacija apie DOX sistem\u0105: 16 mm, 25 mm laminuota plok\u0161t\u0117, \u0161velnus u\u017edarymas, ABS kra\u0161tas, 12 cm ABS kojel\u0117s, spalvos: Grange Oak \/ White \/ Granada Almond<\/p>","protected":false},"excerpt":{"rendered":"<p>Plotis [cm]: 95<br \/>\nAuk\u0161tis [cm]: 91<br \/>\nGylis [cm]: 42<br \/>\nSvoris [kg]: 41,5<br \/>\nSpalvos: Granados migdol\u0173, balta, Granados \u0105\u017euolo<\/p>","protected":false},"featured_media":226641,"comment_status":"open","ping_status":"open","template":"","meta":[],"product_brand":[],"product_cat":[1173,8386],"product_tag":[],"class_list":{"0":"post-226640","1":"product","2":"type-product","3":"status-publish","4":"has-post-thumbnail","6":"product_cat-chests-of-drawers","7":"product_cat-meblocross","9":"first","10":"instock","11":"purchasable","12":"product-type-simple"},"_links":{"self":[{"href":"https:\/\/baldumarket.lt\/lt\/wp-json\/wp\/v2\/product\/226640","targetHints":{"allow":["GET"]}}],"collection":[{"href":"https:\/\/baldumarket.lt\/lt\/wp-json\/wp\/v2\/product"}],"about":[{"href":"https:\/\/baldumarket.lt\/lt\/wp-json\/wp\/v2\/types\/product"}],"replies":[{"embeddable":true,"href":"https:\/\/baldumarket.lt\/lt\/wp-json\/wp\/v2\/comments?post=226640"}],"wp:featuredmedia":[{"embeddable":true,"href":"https:\/\/baldumarket.lt\/lt\/wp-json\/wp\/v2\/media\/226641"}],"wp:attachment":[{"href":"https:\/\/baldumarket.lt\/lt\/wp-json\/wp\/v2\/media?parent=226640"}],"wp:term":[{"taxonomy":"product_brand","embeddable":true,"href":"https:\/\/baldumarket.lt\/lt\/wp-json\/wp\/v2\/product_brand?post=226640"},{"taxonomy":"product_cat","embeddable":true,"href":"https:\/\/baldumarket.lt\/lt\/wp-json\/wp\/v2\/product_cat?post=226640"},{"taxonomy":"product_tag","embeddable":true,"href":"https:\/\/baldumarket.lt\/lt\/wp-json\/wp\/v2\/product_tag?post=226640"}],"curies":[{"name":"wp","href":"https:\/\/api.w.org\/{rel}","templated":true}]}}