{"id":226616,"date":"2025-12-28T05:08:16","date_gmt":"2025-12-28T02:08:16","guid":{"rendered":"https:\/\/baldumarket.lt\/product\/meble-dox-02-duza-szafka-komoda-z-szufladami-do-salonu-sonoma-bialy-czarny\/"},"modified":"2026-02-11T18:37:29","modified_gmt":"2026-02-11T15:37:29","slug":"meble-dox-02-duza-szafka-komoda-z-szufladami-do-salonu-sonoma-bialy-czarny","status":"publish","type":"product","link":"https:\/\/baldumarket.lt\/lt\/product\/meble-dox-02-duza-szafka-komoda-z-szufladami-do-salonu-sonoma-bialy-czarny\/","title":{"rendered":"DOX 02 baldai, dideli komoda svetainei, sonoma, balta, juoda"},"content":{"rendered":"<p>DOX 02 dviej\u0173 dur\u0173 trij\u0173 auk\u0161t\u0173 komoda<br \/>\nPapildoma informacija apie DOX sistem\u0105: 16 mm, 25 mm laminuota plok\u0161t\u0117, \u0161velnus u\u017edarymas, ABS kra\u0161tas, 12 cm ABS kojel\u0117s, spalvos: Sonoma \u0105\u017euolas \/ balta \/ juoda<\/p>","protected":false},"excerpt":{"rendered":"<p>Plotis [cm]: 125<br \/>\nAuk\u0161tis [cm]: 91<br \/>\nGylis [cm]: 42<br \/>\nSvoris [kg]: 52,5<br \/>\nSpalvos: juoda, balta, Sonoma \u0105\u017euolas<\/p>","protected":false},"featured_media":226617,"comment_status":"open","ping_status":"open","template":"","meta":[],"product_brand":[],"product_cat":[1173,8386],"product_tag":[],"class_list":{"0":"post-226616","1":"product","2":"type-product","3":"status-publish","4":"has-post-thumbnail","6":"product_cat-chests-of-drawers","7":"product_cat-meblocross","9":"first","10":"instock","11":"purchasable","12":"product-type-simple"},"_links":{"self":[{"href":"https:\/\/baldumarket.lt\/lt\/wp-json\/wp\/v2\/product\/226616","targetHints":{"allow":["GET"]}}],"collection":[{"href":"https:\/\/baldumarket.lt\/lt\/wp-json\/wp\/v2\/product"}],"about":[{"href":"https:\/\/baldumarket.lt\/lt\/wp-json\/wp\/v2\/types\/product"}],"replies":[{"embeddable":true,"href":"https:\/\/baldumarket.lt\/lt\/wp-json\/wp\/v2\/comments?post=226616"}],"wp:featuredmedia":[{"embeddable":true,"href":"https:\/\/baldumarket.lt\/lt\/wp-json\/wp\/v2\/media\/226617"}],"wp:attachment":[{"href":"https:\/\/baldumarket.lt\/lt\/wp-json\/wp\/v2\/media?parent=226616"}],"wp:term":[{"taxonomy":"product_brand","embeddable":true,"href":"https:\/\/baldumarket.lt\/lt\/wp-json\/wp\/v2\/product_brand?post=226616"},{"taxonomy":"product_cat","embeddable":true,"href":"https:\/\/baldumarket.lt\/lt\/wp-json\/wp\/v2\/product_cat?post=226616"},{"taxonomy":"product_tag","embeddable":true,"href":"https:\/\/baldumarket.lt\/lt\/wp-json\/wp\/v2\/product_tag?post=226616"}],"curies":[{"name":"wp","href":"https:\/\/api.w.org\/{rel}","templated":true}]}}