{"id":226604,"date":"2025-12-28T05:07:55","date_gmt":"2025-12-28T02:07:55","guid":{"rendered":"https:\/\/baldumarket.lt\/product\/meble-dox-03-lawa-stolik-kawowy-do-salonu-dab-cremona-granada-migdal-braz\/"},"modified":"2026-02-11T18:37:29","modified_gmt":"2026-02-11T15:37:29","slug":"meble-dox-03-lawa-stolik-kawowy-do-salonu-dab-cremona-granada-migdal-braz","status":"publish","type":"product","link":"https:\/\/baldumarket.lt\/lt\/product\/meble-dox-03-lawa-stolik-kawowy-do-salonu-dab-cremona-granada-migdal-braz\/","title":{"rendered":"DOX 03 kavos staliukas svetainei, kremonos \u0105\u017euolas, granada, migdol\u0173 ruda spalva"},"content":{"rendered":"<p>DOX 03 2d2s kavos staliukas<br \/>\nPapildoma informacija apie DOX sistem\u0105: 16 mm, 25 mm laminuota plok\u0161t\u0117, \u0161velnaus u\u017edarymo mechanizmas, ABS kra\u0161tas, 12 cm ABS kojel\u0117s, spalvos: Cremona Oak \/ Granada Almond \/ Granada Brown<\/p>","protected":false},"excerpt":{"rendered":"<p>Plotis [cm]: 125<br \/>\nAuk\u0161tis [cm]: 49<br \/>\nGylis [cm]: 66<br \/>\nSvoris [kg]: 44<br \/>\nSpalvos: Kremonos \u0105\u017euolas, Granados migdol\u0173 spalva, Granados ruda spalva<\/p>","protected":false},"featured_media":226605,"comment_status":"open","ping_status":"open","template":"","meta":[],"product_brand":[],"product_cat":[866,8386],"product_tag":[],"class_list":{"0":"post-226604","1":"product","2":"type-product","3":"status-publish","4":"has-post-thumbnail","6":"product_cat-coffee-tables","7":"product_cat-meblocross","9":"first","10":"instock","11":"purchasable","12":"product-type-simple"},"_links":{"self":[{"href":"https:\/\/baldumarket.lt\/lt\/wp-json\/wp\/v2\/product\/226604","targetHints":{"allow":["GET"]}}],"collection":[{"href":"https:\/\/baldumarket.lt\/lt\/wp-json\/wp\/v2\/product"}],"about":[{"href":"https:\/\/baldumarket.lt\/lt\/wp-json\/wp\/v2\/types\/product"}],"replies":[{"embeddable":true,"href":"https:\/\/baldumarket.lt\/lt\/wp-json\/wp\/v2\/comments?post=226604"}],"wp:featuredmedia":[{"embeddable":true,"href":"https:\/\/baldumarket.lt\/lt\/wp-json\/wp\/v2\/media\/226605"}],"wp:attachment":[{"href":"https:\/\/baldumarket.lt\/lt\/wp-json\/wp\/v2\/media?parent=226604"}],"wp:term":[{"taxonomy":"product_brand","embeddable":true,"href":"https:\/\/baldumarket.lt\/lt\/wp-json\/wp\/v2\/product_brand?post=226604"},{"taxonomy":"product_cat","embeddable":true,"href":"https:\/\/baldumarket.lt\/lt\/wp-json\/wp\/v2\/product_cat?post=226604"},{"taxonomy":"product_tag","embeddable":true,"href":"https:\/\/baldumarket.lt\/lt\/wp-json\/wp\/v2\/product_tag?post=226604"}],"curies":[{"name":"wp","href":"https:\/\/api.w.org\/{rel}","templated":true}]}}