{"id":226576,"date":"2025-12-28T05:07:04","date_gmt":"2025-12-28T02:07:04","guid":{"rendered":"https:\/\/baldumarket.lt\/product\/meble-dox-04-polka-wiszaca-scienna-na-ksiazki-dab-sonoma-czarny\/"},"modified":"2026-02-11T18:37:30","modified_gmt":"2026-02-11T15:37:30","slug":"meble-dox-04-polka-wiszaca-scienna-na-ksiazki-dab-sonoma-czarny","status":"publish","type":"product","link":"https:\/\/baldumarket.lt\/lt\/product\/meble-dox-04-polka-wiszaca-scienna-na-ksiazki-dab-sonoma-czarny\/","title":{"rendered":"DOX 04 baldai, prie sienos tvirtinama knyg\u0173 lentyna, Sonoma \u0105\u017euolas, juoda"},"content":{"rendered":"<p>DOX 04 lentyna<br \/>\nPapildoma informacija apie DOX sistem\u0105: 16 mm, 25 mm laminuota plok\u0161t\u0117, \u0161velnus u\u017edarymas, ABS kra\u0161tas, 12 cm ABS kojel\u0117s, spalva: Sonoma \u0105\u017euolas \/ juoda<\/p>","protected":false},"excerpt":{"rendered":"<p>Plotis [cm]: 95<br \/>\nAuk\u0161tis [cm]: 37<br \/>\nGylis [cm]: 27<br \/>\nSvoris [kg]: 14<br \/>\nSpalvos: juoda, Sonoma \u0105\u017euolas<\/p>","protected":false},"featured_media":226577,"comment_status":"open","ping_status":"open","template":"","meta":[],"product_brand":[],"product_cat":[1174,8386],"product_tag":[],"class_list":{"0":"post-226576","1":"product","2":"type-product","3":"status-publish","4":"has-post-thumbnail","6":"product_cat-hanging-shelves","7":"product_cat-meblocross","9":"first","10":"instock","11":"purchasable","12":"product-type-simple"},"_links":{"self":[{"href":"https:\/\/baldumarket.lt\/lt\/wp-json\/wp\/v2\/product\/226576","targetHints":{"allow":["GET"]}}],"collection":[{"href":"https:\/\/baldumarket.lt\/lt\/wp-json\/wp\/v2\/product"}],"about":[{"href":"https:\/\/baldumarket.lt\/lt\/wp-json\/wp\/v2\/types\/product"}],"replies":[{"embeddable":true,"href":"https:\/\/baldumarket.lt\/lt\/wp-json\/wp\/v2\/comments?post=226576"}],"wp:featuredmedia":[{"embeddable":true,"href":"https:\/\/baldumarket.lt\/lt\/wp-json\/wp\/v2\/media\/226577"}],"wp:attachment":[{"href":"https:\/\/baldumarket.lt\/lt\/wp-json\/wp\/v2\/media?parent=226576"}],"wp:term":[{"taxonomy":"product_brand","embeddable":true,"href":"https:\/\/baldumarket.lt\/lt\/wp-json\/wp\/v2\/product_brand?post=226576"},{"taxonomy":"product_cat","embeddable":true,"href":"https:\/\/baldumarket.lt\/lt\/wp-json\/wp\/v2\/product_cat?post=226576"},{"taxonomy":"product_tag","embeddable":true,"href":"https:\/\/baldumarket.lt\/lt\/wp-json\/wp\/v2\/product_tag?post=226576"}],"curies":[{"name":"wp","href":"https:\/\/api.w.org\/{rel}","templated":true}]}}