{"id":226564,"date":"2025-12-28T05:06:42","date_gmt":"2025-12-28T02:06:42","guid":{"rendered":"https:\/\/baldumarket.lt\/product\/meble-dox-05-garderoba-przedpokoj-z-siedziskiem-lustrem-dab-cremona-granada\/"},"modified":"2026-02-11T18:37:30","modified_gmt":"2026-02-11T15:37:30","slug":"meble-dox-05-garderoba-przedpokoj-z-siedziskiem-lustrem-dab-cremona-granada","status":"publish","type":"product","link":"https:\/\/baldumarket.lt\/lt\/product\/meble-dox-05-garderoba-przedpokoj-z-siedziskiem-lustrem-dab-cremona-granada\/","title":{"rendered":"DOX 05 baldai, prie\u0161kambario spinta su s\u0117dyne ir veidrod\u017eiu, \u0105\u017euolas \u201eCremona Granada\u201c"},"content":{"rendered":"<p>DOX 05 3D ECO rudas prie\u0161kambaris<br \/>\nPapildoma informacija apie DOX sistem\u0105: 16 mm, 25 mm laminuota plok\u0161t\u0117, \u0161velnus u\u017edarymas, ABS kra\u0161tas, 12 cm ABS kojel\u0117s, spalvos: Cremona Oak \/ Granada Almond \/ Granada Black<\/p>","protected":false},"excerpt":{"rendered":"<p>Plotis [cm]: 125<br \/>\nAuk\u0161tis [cm]: 195<br \/>\nGylis [cm]: 42<br \/>\nSvoris [kg]: 78<br \/>\nSpalvos: Kremonos \u0105\u017euolas, Granados migdol\u0173 spalva, Granados ruda spalva<\/p>","protected":false},"featured_media":226565,"comment_status":"open","ping_status":"open","template":"","meta":[],"product_brand":[],"product_cat":[8386,1177],"product_tag":[],"class_list":{"0":"post-226564","1":"product","2":"type-product","3":"status-publish","4":"has-post-thumbnail","6":"product_cat-meblocross","7":"product_cat-wardrobes","9":"first","10":"instock","11":"purchasable","12":"product-type-simple"},"_links":{"self":[{"href":"https:\/\/baldumarket.lt\/lt\/wp-json\/wp\/v2\/product\/226564","targetHints":{"allow":["GET"]}}],"collection":[{"href":"https:\/\/baldumarket.lt\/lt\/wp-json\/wp\/v2\/product"}],"about":[{"href":"https:\/\/baldumarket.lt\/lt\/wp-json\/wp\/v2\/types\/product"}],"replies":[{"embeddable":true,"href":"https:\/\/baldumarket.lt\/lt\/wp-json\/wp\/v2\/comments?post=226564"}],"wp:featuredmedia":[{"embeddable":true,"href":"https:\/\/baldumarket.lt\/lt\/wp-json\/wp\/v2\/media\/226565"}],"wp:attachment":[{"href":"https:\/\/baldumarket.lt\/lt\/wp-json\/wp\/v2\/media?parent=226564"}],"wp:term":[{"taxonomy":"product_brand","embeddable":true,"href":"https:\/\/baldumarket.lt\/lt\/wp-json\/wp\/v2\/product_brand?post=226564"},{"taxonomy":"product_cat","embeddable":true,"href":"https:\/\/baldumarket.lt\/lt\/wp-json\/wp\/v2\/product_cat?post=226564"},{"taxonomy":"product_tag","embeddable":true,"href":"https:\/\/baldumarket.lt\/lt\/wp-json\/wp\/v2\/product_tag?post=226564"}],"curies":[{"name":"wp","href":"https:\/\/api.w.org\/{rel}","templated":true}]}}