{"id":226552,"date":"2025-12-28T05:06:17","date_gmt":"2025-12-28T02:06:17","guid":{"rendered":"https:\/\/baldumarket.lt\/product\/meble-dox-06-regal-na-ksiazki-z-polkami-drzwiami-dab-artisan-bialy-czarny\/"},"modified":"2026-02-11T18:37:30","modified_gmt":"2026-02-11T15:37:30","slug":"meble-dox-06-regal-na-ksiazki-z-polkami-drzwiami-dab-artisan-bialy-czarny","status":"publish","type":"product","link":"https:\/\/baldumarket.lt\/lt\/product\/meble-dox-06-regal-na-ksiazki-z-polkami-drzwiami-dab-artisan-bialy-czarny\/","title":{"rendered":"DOX 06 bald\u0173 knyg\u0173 lentyna su lentynomis ir durel\u0117mis, \u0105\u017euolo dirbiniai, balta, juoda"},"content":{"rendered":"<p>DOX 06 lentyn\u0173 blokas su 1 stal\u010diumi<br \/>\nPapildoma informacija apie DOX sistem\u0105: 16 mm, 25 mm laminuota plok\u0161t\u0117, \u0161velnaus u\u017edarymo mechanizmas, ABS kra\u0161tas, 12 cm ABS kojel\u0117s, spalvos: Artisan Oak \/ White \/ Black<\/p>","protected":false},"excerpt":{"rendered":"<p>Plotis [cm]: 65<br \/>\nAuk\u0161tis [cm]: 195<br \/>\nGylis [cm]: 42<br \/>\nSvoris [kg]: 51,5<br \/>\nSpalvos: \u0105\u017euolas, juoda, balta<\/p>","protected":false},"featured_media":226553,"comment_status":"open","ping_status":"open","template":"","meta":[],"product_brand":[],"product_cat":[8386,1987],"product_tag":[],"class_list":{"0":"post-226552","1":"product","2":"type-product","3":"status-publish","4":"has-post-thumbnail","6":"product_cat-meblocross","7":"product_cat-shelving-units","9":"first","10":"instock","11":"purchasable","12":"product-type-simple"},"_links":{"self":[{"href":"https:\/\/baldumarket.lt\/lt\/wp-json\/wp\/v2\/product\/226552","targetHints":{"allow":["GET"]}}],"collection":[{"href":"https:\/\/baldumarket.lt\/lt\/wp-json\/wp\/v2\/product"}],"about":[{"href":"https:\/\/baldumarket.lt\/lt\/wp-json\/wp\/v2\/types\/product"}],"replies":[{"embeddable":true,"href":"https:\/\/baldumarket.lt\/lt\/wp-json\/wp\/v2\/comments?post=226552"}],"wp:featuredmedia":[{"embeddable":true,"href":"https:\/\/baldumarket.lt\/lt\/wp-json\/wp\/v2\/media\/226553"}],"wp:attachment":[{"href":"https:\/\/baldumarket.lt\/lt\/wp-json\/wp\/v2\/media?parent=226552"}],"wp:term":[{"taxonomy":"product_brand","embeddable":true,"href":"https:\/\/baldumarket.lt\/lt\/wp-json\/wp\/v2\/product_brand?post=226552"},{"taxonomy":"product_cat","embeddable":true,"href":"https:\/\/baldumarket.lt\/lt\/wp-json\/wp\/v2\/product_cat?post=226552"},{"taxonomy":"product_tag","embeddable":true,"href":"https:\/\/baldumarket.lt\/lt\/wp-json\/wp\/v2\/product_tag?post=226552"}],"curies":[{"name":"wp","href":"https:\/\/api.w.org\/{rel}","templated":true}]}}