{"id":226520,"date":"2025-12-28T05:05:17","date_gmt":"2025-12-28T02:05:17","guid":{"rendered":"https:\/\/baldumarket.lt\/product\/meble-dox-07-regal-na-ksiazki-zamkniety-z-drzwiami-dab-grange-bialy-granada\/"},"modified":"2026-02-11T18:37:31","modified_gmt":"2026-02-11T15:37:31","slug":"meble-dox-07-regal-na-ksiazki-zamkniety-z-drzwiami-dab-grange-bialy-granada","status":"publish","type":"product","link":"https:\/\/baldumarket.lt\/lt\/product\/meble-dox-07-regal-na-ksiazki-zamkniety-z-drzwiami-dab-grange-bialy-granada\/","title":{"rendered":"DOX 07 baldai, u\u017edara knyg\u0173 lentyna su durel\u0117mis, \u0105\u017euolo granada, balta granada"},"content":{"rendered":"<p>DOX 07 2 dur\u0173 lentyn\u0173 blokas<br \/>\nPapildoma informacija apie DOX sistem\u0105: 16 mm, 25 mm laminuota plok\u0161t\u0117, \u0161velnus u\u017edarymas, ABS kra\u0161tas, 12 cm ABS kojel\u0117s, spalvos: Grange Oak \/ White \/ Granada Almond<\/p>","protected":false},"excerpt":{"rendered":"<p>Plotis [cm]: 65<br \/>\nAuk\u0161tis [cm]: 195<br \/>\nGylis [cm]: 42<br \/>\nSvoris [kg]: 52,5<br \/>\nSpalvos: Granados migdol\u0173, balta, Granados \u0105\u017euolo<\/p>","protected":false},"featured_media":226521,"comment_status":"open","ping_status":"open","template":"","meta":[],"product_brand":[],"product_cat":[8386,1987],"product_tag":[],"class_list":{"0":"post-226520","1":"product","2":"type-product","3":"status-publish","4":"has-post-thumbnail","6":"product_cat-meblocross","7":"product_cat-shelving-units","9":"first","10":"instock","11":"purchasable","12":"product-type-simple"},"_links":{"self":[{"href":"https:\/\/baldumarket.lt\/lt\/wp-json\/wp\/v2\/product\/226520","targetHints":{"allow":["GET"]}}],"collection":[{"href":"https:\/\/baldumarket.lt\/lt\/wp-json\/wp\/v2\/product"}],"about":[{"href":"https:\/\/baldumarket.lt\/lt\/wp-json\/wp\/v2\/types\/product"}],"replies":[{"embeddable":true,"href":"https:\/\/baldumarket.lt\/lt\/wp-json\/wp\/v2\/comments?post=226520"}],"wp:featuredmedia":[{"embeddable":true,"href":"https:\/\/baldumarket.lt\/lt\/wp-json\/wp\/v2\/media\/226521"}],"wp:attachment":[{"href":"https:\/\/baldumarket.lt\/lt\/wp-json\/wp\/v2\/media?parent=226520"}],"wp:term":[{"taxonomy":"product_brand","embeddable":true,"href":"https:\/\/baldumarket.lt\/lt\/wp-json\/wp\/v2\/product_brand?post=226520"},{"taxonomy":"product_cat","embeddable":true,"href":"https:\/\/baldumarket.lt\/lt\/wp-json\/wp\/v2\/product_cat?post=226520"},{"taxonomy":"product_tag","embeddable":true,"href":"https:\/\/baldumarket.lt\/lt\/wp-json\/wp\/v2\/product_tag?post=226520"}],"curies":[{"name":"wp","href":"https:\/\/api.w.org\/{rel}","templated":true}]}}