{"id":226508,"date":"2025-12-28T05:04:51","date_gmt":"2025-12-28T02:04:51","guid":{"rendered":"https:\/\/baldumarket.lt\/product\/meble-dox-08-mala-komoda-stolik-szafka-rtv-z-szuflada-craft-zl-bialy-czarny\/"},"modified":"2026-02-11T18:37:31","modified_gmt":"2026-02-11T15:37:31","slug":"meble-dox-08-mala-komoda-stolik-szafka-rtv-z-szuflada-craft-zl-bialy-czarny","status":"publish","type":"product","link":"https:\/\/baldumarket.lt\/lt\/product\/meble-dox-08-mala-komoda-stolik-szafka-rtv-z-szuflada-craft-zl-bialy-czarny\/","title":{"rendered":"DOX 08 baldai, ma\u017ea komoda, stalas, TV spintel\u0117 su stal\u010diumi, rankdarbi\u0173 reikmenys, balta, juoda"},"content":{"rendered":"<p>DOX 08 TV spintel\u0117 1d1s<br \/>\nPapildoma informacija apie DOX sistem\u0105: 16 mm, 25 mm laminuota plok\u0161t\u0117, \u0161velnaus u\u017edarymo mechanizmas, ABS kra\u0161tas, 12 cm ABS kojel\u0117s, spalvos: auksinis \u0105\u017euolas \/ balta \/ juoda<\/p>","protected":false},"excerpt":{"rendered":"<p>Plotis [cm]: 125<br \/>\nAuk\u0161tis [cm]: 49<br \/>\nGylis [cm]: 42<br \/>\nSvoris [kg]: 28,5<br \/>\nSpalvos: juoda, balta, auksin\u0117, \u0105\u017euolo spalvos<\/p>","protected":false},"featured_media":226509,"comment_status":"open","ping_status":"open","template":"","meta":[],"product_brand":[],"product_cat":[8386,1175],"product_tag":[],"class_list":{"0":"post-226508","1":"product","2":"type-product","3":"status-publish","4":"has-post-thumbnail","6":"product_cat-meblocross","7":"product_cat-tv-stands","9":"first","10":"instock","11":"purchasable","12":"product-type-simple"},"_links":{"self":[{"href":"https:\/\/baldumarket.lt\/lt\/wp-json\/wp\/v2\/product\/226508","targetHints":{"allow":["GET"]}}],"collection":[{"href":"https:\/\/baldumarket.lt\/lt\/wp-json\/wp\/v2\/product"}],"about":[{"href":"https:\/\/baldumarket.lt\/lt\/wp-json\/wp\/v2\/types\/product"}],"replies":[{"embeddable":true,"href":"https:\/\/baldumarket.lt\/lt\/wp-json\/wp\/v2\/comments?post=226508"}],"wp:featuredmedia":[{"embeddable":true,"href":"https:\/\/baldumarket.lt\/lt\/wp-json\/wp\/v2\/media\/226509"}],"wp:attachment":[{"href":"https:\/\/baldumarket.lt\/lt\/wp-json\/wp\/v2\/media?parent=226508"}],"wp:term":[{"taxonomy":"product_brand","embeddable":true,"href":"https:\/\/baldumarket.lt\/lt\/wp-json\/wp\/v2\/product_brand?post=226508"},{"taxonomy":"product_cat","embeddable":true,"href":"https:\/\/baldumarket.lt\/lt\/wp-json\/wp\/v2\/product_cat?post=226508"},{"taxonomy":"product_tag","embeddable":true,"href":"https:\/\/baldumarket.lt\/lt\/wp-json\/wp\/v2\/product_tag?post=226508"}],"curies":[{"name":"wp","href":"https:\/\/api.w.org\/{rel}","templated":true}]}}