{"id":226472,"date":"2025-12-28T05:03:24","date_gmt":"2025-12-28T02:03:24","guid":{"rendered":"https:\/\/baldumarket.lt\/product\/meble-dox-10-szafa-do-przedpokoju-salonu-sypialni-dab-artisan-bialy-czarny\/"},"modified":"2026-02-11T18:37:32","modified_gmt":"2026-02-11T15:37:32","slug":"meble-dox-10-szafa-do-przedpokoju-salonu-sypialni-dab-artisan-bialy-czarny","status":"publish","type":"product","link":"https:\/\/baldumarket.lt\/lt\/product\/meble-dox-10-szafa-do-przedpokoju-salonu-sypialni-dab-artisan-bialy-czarny\/","title":{"rendered":"DOX 10 spinta prie\u0161kambariui, svetainei, miegamajam, dirbtinio \u0105\u017euolo spalvos, balta, juoda"},"content":{"rendered":"<p>DOX 10 dviej\u0173 dur\u0173 spinta su pakaba ir lentynomis<br \/>\nPapildoma informacija apie DOX sistem\u0105: 16 mm, 25 mm laminuota plok\u0161t\u0117, \u0161velnaus u\u017edarymo mechanizmas, ABS kra\u0161tas, 12 cm ABS kojel\u0117s, spalvos: Artisan Oak \/ White \/ Black<\/p>","protected":false},"excerpt":{"rendered":"<p>Plotis [cm]: 95<br \/>\nAuk\u0161tis [cm]: 195<br \/>\nGylis [cm]: 60<br \/>\nSpintos dydis: 2 durys<br \/>\nSvoris [kg]: 80<\/p>","protected":false},"featured_media":226473,"comment_status":"open","ping_status":"open","template":"","meta":[],"product_brand":[],"product_cat":[8386,1177],"product_tag":[],"class_list":{"0":"post-226472","1":"product","2":"type-product","3":"status-publish","4":"has-post-thumbnail","6":"product_cat-meblocross","7":"product_cat-wardrobes","9":"first","10":"instock","11":"purchasable","12":"product-type-simple"},"_links":{"self":[{"href":"https:\/\/baldumarket.lt\/lt\/wp-json\/wp\/v2\/product\/226472","targetHints":{"allow":["GET"]}}],"collection":[{"href":"https:\/\/baldumarket.lt\/lt\/wp-json\/wp\/v2\/product"}],"about":[{"href":"https:\/\/baldumarket.lt\/lt\/wp-json\/wp\/v2\/types\/product"}],"replies":[{"embeddable":true,"href":"https:\/\/baldumarket.lt\/lt\/wp-json\/wp\/v2\/comments?post=226472"}],"wp:featuredmedia":[{"embeddable":true,"href":"https:\/\/baldumarket.lt\/lt\/wp-json\/wp\/v2\/media\/226473"}],"wp:attachment":[{"href":"https:\/\/baldumarket.lt\/lt\/wp-json\/wp\/v2\/media?parent=226472"}],"wp:term":[{"taxonomy":"product_brand","embeddable":true,"href":"https:\/\/baldumarket.lt\/lt\/wp-json\/wp\/v2\/product_brand?post=226472"},{"taxonomy":"product_cat","embeddable":true,"href":"https:\/\/baldumarket.lt\/lt\/wp-json\/wp\/v2\/product_cat?post=226472"},{"taxonomy":"product_tag","embeddable":true,"href":"https:\/\/baldumarket.lt\/lt\/wp-json\/wp\/v2\/product_tag?post=226472"}],"curies":[{"name":"wp","href":"https:\/\/api.w.org\/{rel}","templated":true}]}}