{"id":226448,"date":"2025-12-28T05:02:23","date_gmt":"2025-12-28T02:02:23","guid":{"rendered":"https:\/\/baldumarket.lt\/product\/meble-dox-11-szafka-polka-wiszaca-scienna-na-ksiazki-dab-craft-bialy-czarny\/"},"modified":"2026-02-11T18:37:33","modified_gmt":"2026-02-11T15:37:33","slug":"meble-dox-11-szafka-polka-wiszaca-scienna-na-ksiazki-dab-craft-bialy-czarny","status":"publish","type":"product","link":"https:\/\/baldumarket.lt\/lt\/product\/meble-dox-11-szafka-polka-wiszaca-scienna-na-ksiazki-dab-craft-bialy-czarny\/","title":{"rendered":"DOX 11 baldai, prie sienos tvirtinama knyg\u0173 lentyna, \u0105\u017euolo dirbiniai, balta, juoda"},"content":{"rendered":"<p>DOX 11 pakabinama spintel\u0117 su 1 stal\u010diumi<br \/>\nPapildoma informacija apie DOX sistem\u0105: 16 mm, 25 mm laminuota plok\u0161t\u0117, \u0161velnus u\u017edarymas, ABS kra\u0161tas, 12 cm ABS kojel\u0117s, spalvos: auksinis \u0105\u017euolas \/ balta \/ juoda<\/p>","protected":false},"excerpt":{"rendered":"<p>Plotis [cm]: 125<br \/>\nAuk\u0161tis [cm]: 37<br \/>\nGylis [cm]: 27<br \/>\nSvoris [kg]: 17<br \/>\nSpalvos: juoda, balta, auksin\u0117, \u0105\u017euolo spalvos<\/p>","protected":false},"featured_media":226449,"comment_status":"open","ping_status":"open","template":"","meta":[],"product_brand":[],"product_cat":[1174,8386],"product_tag":[],"class_list":{"0":"post-226448","1":"product","2":"type-product","3":"status-publish","4":"has-post-thumbnail","6":"product_cat-hanging-shelves","7":"product_cat-meblocross","9":"first","10":"instock","11":"purchasable","12":"product-type-simple"},"_links":{"self":[{"href":"https:\/\/baldumarket.lt\/lt\/wp-json\/wp\/v2\/product\/226448","targetHints":{"allow":["GET"]}}],"collection":[{"href":"https:\/\/baldumarket.lt\/lt\/wp-json\/wp\/v2\/product"}],"about":[{"href":"https:\/\/baldumarket.lt\/lt\/wp-json\/wp\/v2\/types\/product"}],"replies":[{"embeddable":true,"href":"https:\/\/baldumarket.lt\/lt\/wp-json\/wp\/v2\/comments?post=226448"}],"wp:featuredmedia":[{"embeddable":true,"href":"https:\/\/baldumarket.lt\/lt\/wp-json\/wp\/v2\/media\/226449"}],"wp:attachment":[{"href":"https:\/\/baldumarket.lt\/lt\/wp-json\/wp\/v2\/media?parent=226448"}],"wp:term":[{"taxonomy":"product_brand","embeddable":true,"href":"https:\/\/baldumarket.lt\/lt\/wp-json\/wp\/v2\/product_brand?post=226448"},{"taxonomy":"product_cat","embeddable":true,"href":"https:\/\/baldumarket.lt\/lt\/wp-json\/wp\/v2\/product_cat?post=226448"},{"taxonomy":"product_tag","embeddable":true,"href":"https:\/\/baldumarket.lt\/lt\/wp-json\/wp\/v2\/product_tag?post=226448"}],"curies":[{"name":"wp","href":"https:\/\/api.w.org\/{rel}","templated":true}]}}