{"id":226416,"date":"2025-12-28T05:01:06","date_gmt":"2025-12-28T02:01:06","guid":{"rendered":"https:\/\/baldumarket.lt\/product\/meble-dox-12-niska-witryna-do-salonu-z-drzwiami-dab-sonoma-bialy-czarny\/"},"modified":"2026-02-11T18:37:33","modified_gmt":"2026-02-11T15:37:33","slug":"meble-dox-12-niska-witryna-do-salonu-z-drzwiami-dab-sonoma-bialy-czarny","status":"publish","type":"product","link":"https:\/\/baldumarket.lt\/lt\/product\/meble-dox-12-niska-witryna-do-salonu-z-drzwiami-dab-sonoma-bialy-czarny\/","title":{"rendered":"DOX 12 baldai, \u017eema vitrina svetainei su durel\u0117mis, Sonoma \u0105\u017euolas, balta, juoda"},"content":{"rendered":"<p>DOX 12 2D vitrina<br \/>\nPapildoma informacija apie DOX sistem\u0105: 16 mm, 25 mm laminuota plok\u0161t\u0117, \u0161velnus u\u017edarymas, ABS kra\u0161tas, 12 cm ABS kojel\u0117s, spalvos: Sonoma \u0105\u017euolas \/ balta \/ juoda<\/p>","protected":false},"excerpt":{"rendered":"<p>Plotis [cm]: 85<br \/>\n\u016agis [cm]: 139<br \/>\nGylis [cm]: 42<br \/>\nSvoris [kg]: 50<br \/>\nSpalvos: juoda, balta, Sonoma \u0105\u017euolas<\/p>","protected":false},"featured_media":226417,"comment_status":"open","ping_status":"open","template":"","meta":[],"product_brand":[],"product_cat":[8386,2006],"product_tag":[],"class_list":{"0":"post-226416","1":"product","2":"type-product","3":"status-publish","4":"has-post-thumbnail","6":"product_cat-meblocross","7":"product_cat-vitrines","9":"first","10":"instock","11":"purchasable","12":"product-type-simple"},"_links":{"self":[{"href":"https:\/\/baldumarket.lt\/lt\/wp-json\/wp\/v2\/product\/226416","targetHints":{"allow":["GET"]}}],"collection":[{"href":"https:\/\/baldumarket.lt\/lt\/wp-json\/wp\/v2\/product"}],"about":[{"href":"https:\/\/baldumarket.lt\/lt\/wp-json\/wp\/v2\/types\/product"}],"replies":[{"embeddable":true,"href":"https:\/\/baldumarket.lt\/lt\/wp-json\/wp\/v2\/comments?post=226416"}],"wp:featuredmedia":[{"embeddable":true,"href":"https:\/\/baldumarket.lt\/lt\/wp-json\/wp\/v2\/media\/226417"}],"wp:attachment":[{"href":"https:\/\/baldumarket.lt\/lt\/wp-json\/wp\/v2\/media?parent=226416"}],"wp:term":[{"taxonomy":"product_brand","embeddable":true,"href":"https:\/\/baldumarket.lt\/lt\/wp-json\/wp\/v2\/product_brand?post=226416"},{"taxonomy":"product_cat","embeddable":true,"href":"https:\/\/baldumarket.lt\/lt\/wp-json\/wp\/v2\/product_cat?post=226416"},{"taxonomy":"product_tag","embeddable":true,"href":"https:\/\/baldumarket.lt\/lt\/wp-json\/wp\/v2\/product_tag?post=226416"}],"curies":[{"name":"wp","href":"https:\/\/api.w.org\/{rel}","templated":true}]}}