{"id":226404,"date":"2025-12-28T05:00:40","date_gmt":"2025-12-28T02:00:40","guid":{"rendered":"https:\/\/baldumarket.lt\/product\/meble-dox-13-niska-witryna-do-salonu-z-drzwiami-dab-cremona-granada-migdal\/"},"modified":"2026-02-11T18:37:33","modified_gmt":"2026-02-11T15:37:33","slug":"meble-dox-13-niska-witryna-do-salonu-z-drzwiami-dab-cremona-granada-migdal","status":"publish","type":"product","link":"https:\/\/baldumarket.lt\/lt\/product\/meble-dox-13-niska-witryna-do-salonu-z-drzwiami-dab-cremona-granada-migdal\/","title":{"rendered":"DOX 13 baldai, \u017eema vitrina svetainei su durel\u0117mis, kremonos \u0105\u017euolas, granados migdolas"},"content":{"rendered":"<p>DOX 13 3D vitrina<br \/>\nPapildoma informacija apie DOX sistem\u0105: 16 mm, 25 mm laminuota plok\u0161t\u0117, \u0161velnaus u\u017edarymo mechanizmas, ABS kra\u0161tas, 12 cm ABS kojel\u0117s, spalvos: Cremona Oak \/ Granada Almond \/ Granada Brown<\/p>","protected":false},"excerpt":{"rendered":"<p>Plotis [cm]: 95<br \/>\n\u016agis [cm]: 139<br \/>\nGylis [cm]: 42<br \/>\nSvoris [kg]: 55<br \/>\nSpalvos: Kremonos \u0105\u017euolas, Granados migdol\u0173 spalva, Granados ruda spalva<\/p>","protected":false},"featured_media":226405,"comment_status":"open","ping_status":"open","template":"","meta":[],"product_brand":[],"product_cat":[8386,2006],"product_tag":[],"class_list":{"0":"post-226404","1":"product","2":"type-product","3":"status-publish","4":"has-post-thumbnail","6":"product_cat-meblocross","7":"product_cat-vitrines","9":"first","10":"instock","11":"purchasable","12":"product-type-simple"},"_links":{"self":[{"href":"https:\/\/baldumarket.lt\/lt\/wp-json\/wp\/v2\/product\/226404","targetHints":{"allow":["GET"]}}],"collection":[{"href":"https:\/\/baldumarket.lt\/lt\/wp-json\/wp\/v2\/product"}],"about":[{"href":"https:\/\/baldumarket.lt\/lt\/wp-json\/wp\/v2\/types\/product"}],"replies":[{"embeddable":true,"href":"https:\/\/baldumarket.lt\/lt\/wp-json\/wp\/v2\/comments?post=226404"}],"wp:featuredmedia":[{"embeddable":true,"href":"https:\/\/baldumarket.lt\/lt\/wp-json\/wp\/v2\/media\/226405"}],"wp:attachment":[{"href":"https:\/\/baldumarket.lt\/lt\/wp-json\/wp\/v2\/media?parent=226404"}],"wp:term":[{"taxonomy":"product_brand","embeddable":true,"href":"https:\/\/baldumarket.lt\/lt\/wp-json\/wp\/v2\/product_brand?post=226404"},{"taxonomy":"product_cat","embeddable":true,"href":"https:\/\/baldumarket.lt\/lt\/wp-json\/wp\/v2\/product_cat?post=226404"},{"taxonomy":"product_tag","embeddable":true,"href":"https:\/\/baldumarket.lt\/lt\/wp-json\/wp\/v2\/product_tag?post=226404"}],"curies":[{"name":"wp","href":"https:\/\/api.w.org\/{rel}","templated":true}]}}