{"id":226390,"date":"2025-12-28T05:00:11","date_gmt":"2025-12-28T02:00:11","guid":{"rendered":"https:\/\/baldumarket.lt\/product\/meble-emax-1-zestaw-pokojowy\/"},"modified":"2026-02-11T18:37:34","modified_gmt":"2026-02-11T15:37:34","slug":"meble-emax-1-zestaw-pokojowy","status":"publish","type":"product","link":"https:\/\/baldumarket.lt\/lt\/product\/meble-emax-1-zestaw-pokojowy\/","title":{"rendered":"EMAX bald\u0173 komplektas Nr. 1 svetain\u0117je"},"content":{"rendered":"<p>EMAX 1 rinkinys<br \/>\nKomplekt\u0105 sudaro: EMAX 41 4 dur\u0173 sienin\u0117 spintel\u0117 [80\/84\/31], EMAX 20 lentyna [110\/42\/22], EMAX 33 1 dur\u0173 televizoriaus staliukas [80\/46\/44], EMAX 34 2 dur\u0173 televizoriaus staliukas [110\/46\/44], EMAX 27 N2DW knyg\u0173 lentyna [100\/121\/36], EMAX 16 kavos staliukas [125\/53\/68]<br \/>\nBaldai pagaminti i\u0161 16 mm ir 25 mm storio med\u017eio dro\u017eli\u0173 plok\u0161t\u0117s su ABS kra\u0161tais. Stal\u010diai ir durel\u0117s turi \u0161velnaus u\u017edarymo mechanizm\u0105.<br \/>\nSpalv\u0173 variantai: Artisan \u0105\u017euolas \/ blizgi balta, \u0161viesus Sonoma \u0105\u017euolas \/ blizgi balta, bordo \u0105\u017euolas \/ blizgi balta, auksinis amatinio \u0105\u017euolo \/ baltas amatinio \u0105\u017euolo<\/p>","protected":false},"excerpt":{"rendered":"<p>EMAX 1 komplektas Komplekt\u0105 sudaro: EMAX 41 4 dur\u0173 sienin\u0117 spintel\u0117 [80\/84\/31], EMAX 20 lentyna [110\/42\/22], EMAX 33 1 dur\u0173 televizoriaus staliukas [80\/46\/44], EMAX 34 2 dur\u0173 televizoriaus staliukas [110\/46\/44], EMAX 27 N2DW knyg\u0173 lentyna [100\/121\/36], EMAX 16 kavos staliukas [125\/53\/68]. Baldai pagaminti i\u0161 16 mm ir 25 mm storio med\u017eio dro\u017eli\u0173 plok\u0161t\u0117s su ABS apvadais. Stal\u010diai ir durel\u0117s turi [\u2026]<\/p>","protected":false},"featured_media":226391,"comment_status":"open","ping_status":"open","template":"","meta":[],"product_brand":[],"product_cat":[8386,2008],"product_tag":[],"class_list":{"0":"post-226390","1":"product","2":"type-product","3":"status-publish","4":"has-post-thumbnail","6":"product_cat-meblocross","7":"product_cat-wall-units","9":"first","10":"instock","11":"purchasable","12":"product-type-simple"},"_links":{"self":[{"href":"https:\/\/baldumarket.lt\/lt\/wp-json\/wp\/v2\/product\/226390","targetHints":{"allow":["GET"]}}],"collection":[{"href":"https:\/\/baldumarket.lt\/lt\/wp-json\/wp\/v2\/product"}],"about":[{"href":"https:\/\/baldumarket.lt\/lt\/wp-json\/wp\/v2\/types\/product"}],"replies":[{"embeddable":true,"href":"https:\/\/baldumarket.lt\/lt\/wp-json\/wp\/v2\/comments?post=226390"}],"wp:featuredmedia":[{"embeddable":true,"href":"https:\/\/baldumarket.lt\/lt\/wp-json\/wp\/v2\/media\/226391"}],"wp:attachment":[{"href":"https:\/\/baldumarket.lt\/lt\/wp-json\/wp\/v2\/media?parent=226390"}],"wp:term":[{"taxonomy":"product_brand","embeddable":true,"href":"https:\/\/baldumarket.lt\/lt\/wp-json\/wp\/v2\/product_brand?post=226390"},{"taxonomy":"product_cat","embeddable":true,"href":"https:\/\/baldumarket.lt\/lt\/wp-json\/wp\/v2\/product_cat?post=226390"},{"taxonomy":"product_tag","embeddable":true,"href":"https:\/\/baldumarket.lt\/lt\/wp-json\/wp\/v2\/product_tag?post=226390"}],"curies":[{"name":"wp","href":"https:\/\/api.w.org\/{rel}","templated":true}]}}