{"id":226384,"date":"2025-12-28T04:59:56","date_gmt":"2025-12-28T01:59:56","guid":{"rendered":"https:\/\/baldumarket.lt\/product\/meble-emax-2-zestaw-pokojowy\/"},"modified":"2026-02-11T18:37:34","modified_gmt":"2026-02-11T15:37:34","slug":"meble-emax-2-zestaw-pokojowy","status":"publish","type":"product","link":"https:\/\/baldumarket.lt\/lt\/product\/meble-emax-2-zestaw-pokojowy\/","title":{"rendered":"EMAX bald\u0173 komplektas Nr. 2 svetaines"},"content":{"rendered":"<p>EMAX 2 rinkinys<br \/>\nKomplekt\u0105 sudaro: EMAX 41 4 dur\u0173 sienin\u0117 spintel\u0117 [80\/84\/31], EMAX 22 ma\u017ea lentyn\u0117l\u0117 [100\/30\/22], 2x EMAX 33 1 dur\u0173 televizoriaus staliukai [80\/46\/44], EMAX 34 2 dur\u0173 televizoriaus staliukas [110\/46\/44], EMAX 40 1 dur\u0173 sienin\u0117 spintel\u0117 [80\/84\/31], EMAX 16 kavos staliukas [125\/53\/68], EMAX 08 2 dur\u0173 4 dur\u0173 komoda [148\/85\/44]<br \/>\nBaldai pagaminti i\u0161 16 mm ir 25 mm storio med\u017eio dro\u017eli\u0173 plok\u0161t\u0117s su ABS kra\u0161tais. Stal\u010diai ir durel\u0117s turi \u0161velnaus u\u017edarymo sistem\u0105. Sistemos spalv\u0173 variantai: Artisan Oak \/ blizgi balta, Light Sonoma Oak \/ blizgi balta, Burgundijos \u0105\u017euolas \/ blizgi balta, Gold Craft Oak \/ baltas Craft Oak.<\/p>","protected":false},"excerpt":{"rendered":"<p>EMAX 2 komplektas Komplekt\u0105 sudaro: EMAX 41 4 dur\u0173 sienin\u0117 spintel\u0117 [80\/84\/31], EMAX 22 ma\u017ea lentyn\u0117l\u0117 [100\/30\/22], 2x EMAX 33 1 dur\u0173 televizoriaus staliukai [80\/46\/44], EMAX 34 2 dur\u0173 televizoriaus staliukas [110\/46\/44], EMAX 40 1 dur\u0173 sienin\u0117 spintel\u0117 [80\/84\/31], EMAX 16 kavos staliukas [125\/53\/68], EMAX 08 2 dur\u0173 ir 4 dur\u0173 komoda [148\/85\/44]. Baldai pagaminti i\u0161 16 mm [\u2026]<\/p>","protected":false},"featured_media":226385,"comment_status":"open","ping_status":"open","template":"","meta":[],"product_brand":[],"product_cat":[8386,2008],"product_tag":[],"class_list":{"0":"post-226384","1":"product","2":"type-product","3":"status-publish","4":"has-post-thumbnail","6":"product_cat-meblocross","7":"product_cat-wall-units","9":"first","10":"instock","11":"purchasable","12":"product-type-simple"},"_links":{"self":[{"href":"https:\/\/baldumarket.lt\/lt\/wp-json\/wp\/v2\/product\/226384","targetHints":{"allow":["GET"]}}],"collection":[{"href":"https:\/\/baldumarket.lt\/lt\/wp-json\/wp\/v2\/product"}],"about":[{"href":"https:\/\/baldumarket.lt\/lt\/wp-json\/wp\/v2\/types\/product"}],"replies":[{"embeddable":true,"href":"https:\/\/baldumarket.lt\/lt\/wp-json\/wp\/v2\/comments?post=226384"}],"wp:featuredmedia":[{"embeddable":true,"href":"https:\/\/baldumarket.lt\/lt\/wp-json\/wp\/v2\/media\/226385"}],"wp:attachment":[{"href":"https:\/\/baldumarket.lt\/lt\/wp-json\/wp\/v2\/media?parent=226384"}],"wp:term":[{"taxonomy":"product_brand","embeddable":true,"href":"https:\/\/baldumarket.lt\/lt\/wp-json\/wp\/v2\/product_brand?post=226384"},{"taxonomy":"product_cat","embeddable":true,"href":"https:\/\/baldumarket.lt\/lt\/wp-json\/wp\/v2\/product_cat?post=226384"},{"taxonomy":"product_tag","embeddable":true,"href":"https:\/\/baldumarket.lt\/lt\/wp-json\/wp\/v2\/product_tag?post=226384"}],"curies":[{"name":"wp","href":"https:\/\/api.w.org\/{rel}","templated":true}]}}