{"id":226378,"date":"2025-12-28T04:59:40","date_gmt":"2025-12-28T01:59:40","guid":{"rendered":"https:\/\/baldumarket.lt\/product\/meble-emax-3-zestaw-pokojowy\/"},"modified":"2026-02-11T18:37:34","modified_gmt":"2026-02-11T15:37:34","slug":"meble-emax-3-zestaw-pokojowy","status":"publish","type":"product","link":"https:\/\/baldumarket.lt\/lt\/product\/meble-emax-3-zestaw-pokojowy\/","title":{"rendered":"EMAX baldai #3 svetain\u0117s komplektas"},"content":{"rendered":"<p>EMAX 3 rinkinys<br \/>\nKomplekt\u0105 sudaro: EMAX 29 W1D4S lentyna [52\/193\/36] EMAX 30 W2D2S lentyna [52\/193\/36] EMAX 34 2S TV staliukas [110\/46\/44] EMAX 21 1D lentyna [110\/50\/24] EMAX 31 W6D lentyna [80\/193\/36] EMAX 16 kavos staliukas [125\/53\/68] EMAX 37 4D spinta [100\/193\/60]<br \/>\nBaldai pagaminti i\u0161 16 mm ir 25 mm storio med\u017eio dro\u017eli\u0173 plok\u0161t\u0117s su ABS kra\u0161tais. Stal\u010diai ir durel\u0117s turi \u0161velnaus u\u017edarymo sistem\u0105. Sistemos spalv\u0173 variantai: Artisan Oak \/ blizgi balta, Light Sonoma Oak \/ blizgi balta, Burgundijos \u0105\u017euolas \/ blizgi balta, Gold Craft Oak \/ baltas Craft Oak.<\/p>","protected":false},"excerpt":{"rendered":"<p>EMAX 3 komplektas Komplekt\u0105 sudaro: EMAX 29 W1D4S lentyna [52\/193\/36] EMAX 30 W2D2S lentyna [52\/193\/36] EMAX 34 2S TV staliukas [110\/46\/44] EMAX 21 1D lentyna [110\/50\/24] EMAX 31 W6D lentyna [80\/193\/36] EMAX 16 kavos staliukas [125\/53\/68] EMAX 37 4D spinta [100\/193\/60] Baldai pagaminti i\u0161 16 mm ir 25 mm storio med\u017eio dro\u017eli\u0173 plok\u0161t\u0117s su ABS apvadais. [\u2026]<\/p>","protected":false},"featured_media":226379,"comment_status":"open","ping_status":"open","template":"","meta":[],"product_brand":[],"product_cat":[8386,2008],"product_tag":[],"class_list":{"0":"post-226378","1":"product","2":"type-product","3":"status-publish","4":"has-post-thumbnail","6":"product_cat-meblocross","7":"product_cat-wall-units","9":"first","10":"instock","11":"purchasable","12":"product-type-simple"},"_links":{"self":[{"href":"https:\/\/baldumarket.lt\/lt\/wp-json\/wp\/v2\/product\/226378","targetHints":{"allow":["GET"]}}],"collection":[{"href":"https:\/\/baldumarket.lt\/lt\/wp-json\/wp\/v2\/product"}],"about":[{"href":"https:\/\/baldumarket.lt\/lt\/wp-json\/wp\/v2\/types\/product"}],"replies":[{"embeddable":true,"href":"https:\/\/baldumarket.lt\/lt\/wp-json\/wp\/v2\/comments?post=226378"}],"wp:featuredmedia":[{"embeddable":true,"href":"https:\/\/baldumarket.lt\/lt\/wp-json\/wp\/v2\/media\/226379"}],"wp:attachment":[{"href":"https:\/\/baldumarket.lt\/lt\/wp-json\/wp\/v2\/media?parent=226378"}],"wp:term":[{"taxonomy":"product_brand","embeddable":true,"href":"https:\/\/baldumarket.lt\/lt\/wp-json\/wp\/v2\/product_brand?post=226378"},{"taxonomy":"product_cat","embeddable":true,"href":"https:\/\/baldumarket.lt\/lt\/wp-json\/wp\/v2\/product_cat?post=226378"},{"taxonomy":"product_tag","embeddable":true,"href":"https:\/\/baldumarket.lt\/lt\/wp-json\/wp\/v2\/product_tag?post=226378"}],"curies":[{"name":"wp","href":"https:\/\/api.w.org\/{rel}","templated":true}]}}