{"id":226372,"date":"2025-12-28T04:59:23","date_gmt":"2025-12-28T01:59:23","guid":{"rendered":"https:\/\/baldumarket.lt\/product\/meble-emax-4-zestaw-pokojowy\/"},"modified":"2026-02-11T18:37:34","modified_gmt":"2026-02-11T15:37:34","slug":"meble-emax-4-zestaw-pokojowy","status":"publish","type":"product","link":"https:\/\/baldumarket.lt\/lt\/product\/meble-emax-4-zestaw-pokojowy\/","title":{"rendered":"EMAX bald\u0173 komplektas Nr. 4 svetainei"},"content":{"rendered":"<p>EMAX rinkinys, 4 vnt.<br \/>\nKomplekt\u0105 sudaro: EMAX 26 N2D2S knyg\u0173 lentyna [100\/121\/36] EMAX 08 2D4S komoda [148\/85\/44] EMAX 34 2S TV staliukas [110\/46\/44] EMAX 22 ma\u017ea lentyn\u0117l\u0117 [100\/30\/22] EMAX 23 lentyn\u0117l\u0117 (2 vnt.) [40\/42\/22] EMAX 25 N1DW knyg\u0173 lentyna [52\/121\/36] EMAX 16 kavos staliukas [125\/53\/68] EMAX 11 4S komoda [80\/85\/44]<br \/>\nBaldai pagaminti i\u0161 16 mm ir 25 mm storio med\u017eio dro\u017eli\u0173 plok\u0161t\u0117s su ABS briaunomis. Stal\u010diai ir durel\u0117s turi \u0161velnaus u\u017edarymo sistem\u0105. Spalv\u0173 variantai: Artisan Oak \/ blizgi balta, \u0161viesus Sonoma Oak \/ blizgi balta, Burgundijos \u0105\u017euolas \/ blizgi balta, auksinis Craft Oak \/ baltas Craft Oak.<\/p>","protected":false},"excerpt":{"rendered":"<p>EMAX (4 vnt.) rinkinys Komplekt\u0105 sudaro: EMAX 26 N2D2S knyg\u0173 lentyna [100\/121\/36] EMAX 08 2D4S komoda [148\/85\/44] EMAX 34 2S televizoriaus staliukas [110\/46\/44] EMAX 22 ma\u017ea lentyn\u0117l\u0117 [100\/30\/22] EMAX 23 lentyn\u0117l\u0117 (2 vnt.) [40\/42\/22] EMAX 25 N1DW knyg\u0173 lentyna [52\/121\/36] EMAX 16 kavos staliukas [125\/53\/68] EMAX 11 4S komoda [80\/85\/44] Baldai [\u2026]<\/p>","protected":false},"featured_media":226373,"comment_status":"open","ping_status":"open","template":"","meta":[],"product_brand":[],"product_cat":[8386,2008],"product_tag":[],"class_list":{"0":"post-226372","1":"product","2":"type-product","3":"status-publish","4":"has-post-thumbnail","6":"product_cat-meblocross","7":"product_cat-wall-units","9":"first","10":"instock","11":"purchasable","12":"product-type-simple"},"_links":{"self":[{"href":"https:\/\/baldumarket.lt\/lt\/wp-json\/wp\/v2\/product\/226372","targetHints":{"allow":["GET"]}}],"collection":[{"href":"https:\/\/baldumarket.lt\/lt\/wp-json\/wp\/v2\/product"}],"about":[{"href":"https:\/\/baldumarket.lt\/lt\/wp-json\/wp\/v2\/types\/product"}],"replies":[{"embeddable":true,"href":"https:\/\/baldumarket.lt\/lt\/wp-json\/wp\/v2\/comments?post=226372"}],"wp:featuredmedia":[{"embeddable":true,"href":"https:\/\/baldumarket.lt\/lt\/wp-json\/wp\/v2\/media\/226373"}],"wp:attachment":[{"href":"https:\/\/baldumarket.lt\/lt\/wp-json\/wp\/v2\/media?parent=226372"}],"wp:term":[{"taxonomy":"product_brand","embeddable":true,"href":"https:\/\/baldumarket.lt\/lt\/wp-json\/wp\/v2\/product_brand?post=226372"},{"taxonomy":"product_cat","embeddable":true,"href":"https:\/\/baldumarket.lt\/lt\/wp-json\/wp\/v2\/product_cat?post=226372"},{"taxonomy":"product_tag","embeddable":true,"href":"https:\/\/baldumarket.lt\/lt\/wp-json\/wp\/v2\/product_tag?post=226372"}],"curies":[{"name":"wp","href":"https:\/\/api.w.org\/{rel}","templated":true}]}}