{"id":226366,"date":"2025-12-28T04:59:07","date_gmt":"2025-12-28T01:59:07","guid":{"rendered":"https:\/\/baldumarket.lt\/product\/meble-emax-5-zestaw-mlodziezowy\/"},"modified":"2026-02-11T18:37:34","modified_gmt":"2026-02-11T15:37:34","slug":"meble-emax-5-zestaw-mlodziezowy","status":"publish","type":"product","link":"https:\/\/baldumarket.lt\/lt\/product\/meble-emax-5-zestaw-mlodziezowy\/","title":{"rendered":"EMAX bald\u0173 komplektas Nr. 5 jaunimui"},"content":{"rendered":"<p>EMAX rinkinys 5<br \/>\nKomplekt\u0105 sudaro: EMAX 28 W lentyna [52\/193\/34], EMAX 24 N lentyna [52\/121\/34], EMAX 26 N2D2S lentyna [100\/121\/36], EMAX 02 1D ra\u0161omasis stalas [110\/77\/53], EMAX 20 lentyna [110\/42\/22], EMAX 29 W1D4S lentyna [52\/193\/36], EMAX 01 1D2S \u0161ifon\u0117 [52\/193\/36], EMAX 16 kavos staliukas [125\/53\/68]<br \/>\nBaldai pagaminti i\u0161 16 mm ir 25 mm storio med\u017eio dro\u017eli\u0173 plok\u0161t\u0117s su ABS kra\u0161tais. Stal\u010diai ir durel\u0117s turi \u0161velnaus u\u017edarymo sistem\u0105. Sistemos spalv\u0173 variantai: Artisan Oak \/ blizgi balta, Light Sonoma Oak \/ blizgi balta, Burgundijos \u0105\u017euolas \/ blizgi balta, Gold Craft Oak \/ baltas Craft Oak.<\/p>","protected":false},"excerpt":{"rendered":"<p>EMAX 5 komplektas Komplekt\u0105 sudaro: EMAX 28 W lentyna [52\/193\/34], EMAX 24 N lentyna [52\/121\/34], EMAX 26 N2D2S lentyna [100\/121\/36], EMAX 02 1D ra\u0161omasis stalas [110\/77\/53], EMAX 20 lentyna [110\/42\/22], EMAX 29 W1D4S lentyna [52\/193\/36], EMAX 01 1D2S \u0161ifonieris [52\/193\/36], EMAX 16 kavos staliukas [125\/53\/68]. Baldai pagaminti i\u0161 16 mm [\u2026]<\/p>","protected":false},"featured_media":226367,"comment_status":"open","ping_status":"open","template":"","meta":[],"product_brand":[],"product_cat":[8386,2008],"product_tag":[],"class_list":{"0":"post-226366","1":"product","2":"type-product","3":"status-publish","4":"has-post-thumbnail","6":"product_cat-meblocross","7":"product_cat-wall-units","9":"first","10":"instock","11":"purchasable","12":"product-type-simple"},"_links":{"self":[{"href":"https:\/\/baldumarket.lt\/lt\/wp-json\/wp\/v2\/product\/226366","targetHints":{"allow":["GET"]}}],"collection":[{"href":"https:\/\/baldumarket.lt\/lt\/wp-json\/wp\/v2\/product"}],"about":[{"href":"https:\/\/baldumarket.lt\/lt\/wp-json\/wp\/v2\/types\/product"}],"replies":[{"embeddable":true,"href":"https:\/\/baldumarket.lt\/lt\/wp-json\/wp\/v2\/comments?post=226366"}],"wp:featuredmedia":[{"embeddable":true,"href":"https:\/\/baldumarket.lt\/lt\/wp-json\/wp\/v2\/media\/226367"}],"wp:attachment":[{"href":"https:\/\/baldumarket.lt\/lt\/wp-json\/wp\/v2\/media?parent=226366"}],"wp:term":[{"taxonomy":"product_brand","embeddable":true,"href":"https:\/\/baldumarket.lt\/lt\/wp-json\/wp\/v2\/product_brand?post=226366"},{"taxonomy":"product_cat","embeddable":true,"href":"https:\/\/baldumarket.lt\/lt\/wp-json\/wp\/v2\/product_cat?post=226366"},{"taxonomy":"product_tag","embeddable":true,"href":"https:\/\/baldumarket.lt\/lt\/wp-json\/wp\/v2\/product_tag?post=226366"}],"curies":[{"name":"wp","href":"https:\/\/api.w.org\/{rel}","templated":true}]}}