{"id":226360,"date":"2025-12-28T04:58:50","date_gmt":"2025-12-28T01:58:50","guid":{"rendered":"https:\/\/baldumarket.lt\/product\/meble-emax-6-zestaw-mlodziezowy\/"},"modified":"2026-02-11T18:37:34","modified_gmt":"2026-02-11T15:37:34","slug":"meble-emax-6-zestaw-mlodziezowy","status":"publish","type":"product","link":"https:\/\/baldumarket.lt\/lt\/product\/meble-emax-6-zestaw-mlodziezowy\/","title":{"rendered":"EMAX bald\u0173 komplektas Nr. 6 jaunimui"},"content":{"rendered":"<p>EMAX rinkinys, 6 vnt.<br \/>\nKomplekt\u0105 sudaro: EMAX 37 4 dur\u0173 spinta [100\/193\/60] EMAX 03 3 dur\u0173 ra\u0161omasis stalas [110\/77\/53] EMAX 21 1 dur\u0173 lentyna [110\/50\/24] EMAX 27 N2DW knyg\u0173 lentyna [100\/121\/36] EMAX 23 lentynos (2 vnt.) [40\/42\/22] EMAX 19 90 cm lova be \u010diu\u017einio [204\/81\/94] EMAX 32 naktinis staliukas [52\/46\/36]<br \/>\nBaldai pagaminti i\u0161 16 mm ir 25 mm storio med\u017eio dro\u017eli\u0173 plok\u0161t\u0117s su ABS kra\u0161tais. Stal\u010diai ir durel\u0117s turi \u0161velnaus u\u017edarymo sistem\u0105. Sistemos spalv\u0173 variantai: Artisan Oak \/ blizgi balta, Light Sonoma Oak \/ blizgi balta, Burgundijos \u0105\u017euolas \/ blizgi balta, Gold Craft Oak \/ baltas Craft Oak.<\/p>","protected":false},"excerpt":{"rendered":"<p>EMAX 6 vnt. komplektas Komplekt\u0105 sudaro: EMAX 37 4 dur\u0173 spinta [100\/193\/60] EMAX 03 3 dur\u0173 ra\u0161omasis stalas [110\/77\/53] EMAX 21 1 dur\u0173 lentyna [110\/50\/24] EMAX 27 N2DW knyg\u0173 lentyna [100\/121\/36] EMAX 23 lentynos (2 vnt.) [40\/42\/22] EMAX 19 90 cm lova be \u010diu\u017einio [204\/81\/94] EMAX 32 naktinis staliukas [52\/46\/36] Baldai pagaminti i\u0161 16 mm ir 25 mm storio [\u2026]<\/p>","protected":false},"featured_media":226361,"comment_status":"open","ping_status":"open","template":"","meta":[],"product_brand":[],"product_cat":[8386,2008],"product_tag":[],"class_list":{"0":"post-226360","1":"product","2":"type-product","3":"status-publish","4":"has-post-thumbnail","6":"product_cat-meblocross","7":"product_cat-wall-units","9":"first","10":"instock","11":"purchasable","12":"product-type-simple"},"_links":{"self":[{"href":"https:\/\/baldumarket.lt\/lt\/wp-json\/wp\/v2\/product\/226360","targetHints":{"allow":["GET"]}}],"collection":[{"href":"https:\/\/baldumarket.lt\/lt\/wp-json\/wp\/v2\/product"}],"about":[{"href":"https:\/\/baldumarket.lt\/lt\/wp-json\/wp\/v2\/types\/product"}],"replies":[{"embeddable":true,"href":"https:\/\/baldumarket.lt\/lt\/wp-json\/wp\/v2\/comments?post=226360"}],"wp:featuredmedia":[{"embeddable":true,"href":"https:\/\/baldumarket.lt\/lt\/wp-json\/wp\/v2\/media\/226361"}],"wp:attachment":[{"href":"https:\/\/baldumarket.lt\/lt\/wp-json\/wp\/v2\/media?parent=226360"}],"wp:term":[{"taxonomy":"product_brand","embeddable":true,"href":"https:\/\/baldumarket.lt\/lt\/wp-json\/wp\/v2\/product_brand?post=226360"},{"taxonomy":"product_cat","embeddable":true,"href":"https:\/\/baldumarket.lt\/lt\/wp-json\/wp\/v2\/product_cat?post=226360"},{"taxonomy":"product_tag","embeddable":true,"href":"https:\/\/baldumarket.lt\/lt\/wp-json\/wp\/v2\/product_tag?post=226360"}],"curies":[{"name":"wp","href":"https:\/\/api.w.org\/{rel}","templated":true}]}}