{"id":226354,"date":"2025-12-28T04:58:28","date_gmt":"2025-12-28T01:58:28","guid":{"rendered":"https:\/\/baldumarket.lt\/product\/meble-emax-7-sypialnia\/"},"modified":"2026-02-11T18:37:34","modified_gmt":"2026-02-11T15:37:34","slug":"meble-emax-7-sypialnia","status":"publish","type":"product","link":"https:\/\/baldumarket.lt\/lt\/product\/meble-emax-7-sypialnia\/","title":{"rendered":"EMAX baldai #7 miegamasis"},"content":{"rendered":"<p>EMAX rinkinys 7<br \/>\nKomplekt\u0105 sudaro: EMAX 05 3D2S spinta [148\/210\/60] EMAX 12 100 mm veidrodis [100\/65\/2] EMAX 07 1D4S komoda [100\/85\/44] EMAX 22 lentyna [100\/30\/22] EMAX 18 160 mm lova be \u010diu\u017einio [204\/81\/164] EMAX 32 naktinis staliukas [52\/46\/36]<br \/>\nBaldai pagaminti i\u0161 16 mm ir 25 mm storio med\u017eio dro\u017eli\u0173 plok\u0161t\u0117s su ABS kra\u0161tais. Stal\u010diai ir durel\u0117s turi \u0161velnaus u\u017edarymo sistem\u0105. Sistemos spalv\u0173 variantai: Artisan Oak \/ blizgi balta, Light Sonoma Oak \/ blizgi balta, Burgundijos \u0105\u017euolas \/ blizgi balta, Gold Craft Oak \/ baltas Craft Oak.<\/p>","protected":false},"excerpt":{"rendered":"<p>EMAX komplektas 7 Komplekt\u0105 sudaro: EMAX 05 3D2S spinta [148\/210\/60] EMAX 12 100mm veidrodis [100\/65\/2] EMAX 07 1D4S komoda [100\/85\/44] EMAX 22 lentyna [100\/30\/22] EMAX 18 160mm lova be \u010diu\u017einio [204\/81\/164] EMAX 32 naktinis staliukas [52\/46\/36] Baldas pagamintas i\u0161 16 mm ir 25 mm storio med\u017eio dro\u017eli\u0173 plok\u0161t\u0117s su ABS apvadu. Stal\u010diai ir [\u2026]<\/p>","protected":false},"featured_media":226355,"comment_status":"open","ping_status":"open","template":"","meta":[],"product_brand":[],"product_cat":[8386,2008],"product_tag":[],"class_list":{"0":"post-226354","1":"product","2":"type-product","3":"status-publish","4":"has-post-thumbnail","6":"product_cat-meblocross","7":"product_cat-wall-units","9":"first","10":"instock","11":"purchasable","12":"product-type-simple"},"_links":{"self":[{"href":"https:\/\/baldumarket.lt\/lt\/wp-json\/wp\/v2\/product\/226354","targetHints":{"allow":["GET"]}}],"collection":[{"href":"https:\/\/baldumarket.lt\/lt\/wp-json\/wp\/v2\/product"}],"about":[{"href":"https:\/\/baldumarket.lt\/lt\/wp-json\/wp\/v2\/types\/product"}],"replies":[{"embeddable":true,"href":"https:\/\/baldumarket.lt\/lt\/wp-json\/wp\/v2\/comments?post=226354"}],"wp:featuredmedia":[{"embeddable":true,"href":"https:\/\/baldumarket.lt\/lt\/wp-json\/wp\/v2\/media\/226355"}],"wp:attachment":[{"href":"https:\/\/baldumarket.lt\/lt\/wp-json\/wp\/v2\/media?parent=226354"}],"wp:term":[{"taxonomy":"product_brand","embeddable":true,"href":"https:\/\/baldumarket.lt\/lt\/wp-json\/wp\/v2\/product_brand?post=226354"},{"taxonomy":"product_cat","embeddable":true,"href":"https:\/\/baldumarket.lt\/lt\/wp-json\/wp\/v2\/product_cat?post=226354"},{"taxonomy":"product_tag","embeddable":true,"href":"https:\/\/baldumarket.lt\/lt\/wp-json\/wp\/v2\/product_tag?post=226354"}],"curies":[{"name":"wp","href":"https:\/\/api.w.org\/{rel}","templated":true}]}}