{"id":226342,"date":"2025-12-28T04:57:53","date_gmt":"2025-12-28T01:57:53","guid":{"rendered":"https:\/\/baldumarket.lt\/product\/meble-emax-9-przedpokoj-garderoba\/"},"modified":"2026-02-11T18:37:34","modified_gmt":"2026-02-11T15:37:34","slug":"meble-emax-9-przedpokoj-garderoba","status":"publish","type":"product","link":"https:\/\/baldumarket.lt\/lt\/product\/meble-emax-9-przedpokoj-garderoba\/","title":{"rendered":"EMAX baldai #9 prie\u0161kambario spinta"},"content":{"rendered":"<p>EMAX rinkinys 9<br \/>\nKomplekt\u0105 sudaro: EMAX 37 4 dur\u0173 spinta [100\/193\/60], EMAX 14 1 dur\u0173 veidrodis [100\/80\/21], EMAX 38 2 dur\u0173 bat\u0173 spintel\u0117, ekologi\u0161ko sm\u0117lio spalvos [100\/45\/44], EMAX 39 3 dur\u0173 bat\u0173 spintel\u0117 [80\/119\/44]<br \/>\nBaldai pagaminti i\u0161 16 mm ir 25 mm storio med\u017eio dro\u017eli\u0173 plok\u0161t\u0117s su ABS kra\u0161tais. Stal\u010diai ir durel\u0117s turi \u0161velnaus u\u017edarymo sistem\u0105.<br \/>\nSpalv\u0173 variantai: Artisan \u0105\u017euolas \/ blizgi balta, \u0161viesus Sonoma \u0105\u017euolas \/ blizgi balta, bordo \u0105\u017euolas \/ blizgi balta, auksinis amatinio \u0105\u017euolo \/ baltas amatinio \u0105\u017euolo<\/p>","protected":false},"excerpt":{"rendered":"<p>EMAX komplektas 9 Komplekt\u0105 sudaro: EMAX 37 4 dur\u0173 spinta [100\/193\/60], EMAX 14 1 dur\u0173 veidrodis [100\/80\/21], EMAX 38 2 dur\u0173 bat\u0173 spintel\u0117 ekologi\u0161kos sm\u0117lio spalvos [100\/45\/44], EMAX 39 3 dur\u0173 bat\u0173 spintel\u0117 [80\/119\/44]. Baldai pagaminti i\u0161 16 mm ir 25 mm storio med\u017eio dro\u017eli\u0173 plok\u0161t\u0117s su ABS kra\u0161tais. Stal\u010diai ir durel\u0117s turi \u0161velnaus u\u017edarymo sistem\u0105. Spalv\u0173 variantai: Artisan Oak \/ [\u2026]<\/p>","protected":false},"featured_media":226343,"comment_status":"open","ping_status":"open","template":"","meta":[],"product_brand":[],"product_cat":[8386,1177],"product_tag":[],"class_list":{"0":"post-226342","1":"product","2":"type-product","3":"status-publish","4":"has-post-thumbnail","6":"product_cat-meblocross","7":"product_cat-wardrobes","9":"first","10":"instock","11":"purchasable","12":"product-type-simple"},"_links":{"self":[{"href":"https:\/\/baldumarket.lt\/lt\/wp-json\/wp\/v2\/product\/226342","targetHints":{"allow":["GET"]}}],"collection":[{"href":"https:\/\/baldumarket.lt\/lt\/wp-json\/wp\/v2\/product"}],"about":[{"href":"https:\/\/baldumarket.lt\/lt\/wp-json\/wp\/v2\/types\/product"}],"replies":[{"embeddable":true,"href":"https:\/\/baldumarket.lt\/lt\/wp-json\/wp\/v2\/comments?post=226342"}],"wp:featuredmedia":[{"embeddable":true,"href":"https:\/\/baldumarket.lt\/lt\/wp-json\/wp\/v2\/media\/226343"}],"wp:attachment":[{"href":"https:\/\/baldumarket.lt\/lt\/wp-json\/wp\/v2\/media?parent=226342"}],"wp:term":[{"taxonomy":"product_brand","embeddable":true,"href":"https:\/\/baldumarket.lt\/lt\/wp-json\/wp\/v2\/product_brand?post=226342"},{"taxonomy":"product_cat","embeddable":true,"href":"https:\/\/baldumarket.lt\/lt\/wp-json\/wp\/v2\/product_cat?post=226342"},{"taxonomy":"product_tag","embeddable":true,"href":"https:\/\/baldumarket.lt\/lt\/wp-json\/wp\/v2\/product_tag?post=226342"}],"curies":[{"name":"wp","href":"https:\/\/api.w.org\/{rel}","templated":true}]}}