{"id":226130,"date":"2025-12-28T04:49:32","date_gmt":"2025-12-28T01:49:32","guid":{"rendered":"https:\/\/baldumarket.lt\/product\/meble-emax-30-regal-w2d2s\/"},"modified":"2026-02-11T18:37:38","modified_gmt":"2026-02-11T15:37:38","slug":"meble-emax-30-regal-w2d2s","status":"publish","type":"product","link":"https:\/\/baldumarket.lt\/lt\/product\/meble-emax-30-regal-w2d2s\/","title":{"rendered":"EMAX 30 baldin\u0117 lentyna W2D2S"},"content":{"rendered":"<p>EMAX 30 W2D2S lentyna<br \/>\nBaldai pagaminti i\u0161 16 mm ir 25 mm storio med\u017eio dro\u017eli\u0173 plok\u0161t\u0117s su ABS briaunomis. Stal\u010diai ir durys turi \u0161velnaus u\u017edarymo sistem\u0105. Galimos spalvos: Artisan Oak \/ blizgi balta, Light Sonoma Oak \/ blizgi balta, Burgundijos \u0105\u017euolas \/ blizgi balta, Gold Craft Oak \/ balta Craft Oak.<\/p>","protected":false},"excerpt":{"rendered":"<p>Plotis [cm]: 52<br \/>\n\u016agis [cm]: 193<br \/>\nGylis [cm]: 36<br \/>\nSvoris [kg]: 39<\/p>","protected":false},"featured_media":226131,"comment_status":"open","ping_status":"open","template":"","meta":[],"product_brand":[],"product_cat":[8386,1987],"product_tag":[],"class_list":{"0":"post-226130","1":"product","2":"type-product","3":"status-publish","4":"has-post-thumbnail","6":"product_cat-meblocross","7":"product_cat-shelving-units","9":"first","10":"instock","11":"purchasable","12":"product-type-simple"},"_links":{"self":[{"href":"https:\/\/baldumarket.lt\/lt\/wp-json\/wp\/v2\/product\/226130","targetHints":{"allow":["GET"]}}],"collection":[{"href":"https:\/\/baldumarket.lt\/lt\/wp-json\/wp\/v2\/product"}],"about":[{"href":"https:\/\/baldumarket.lt\/lt\/wp-json\/wp\/v2\/types\/product"}],"replies":[{"embeddable":true,"href":"https:\/\/baldumarket.lt\/lt\/wp-json\/wp\/v2\/comments?post=226130"}],"wp:featuredmedia":[{"embeddable":true,"href":"https:\/\/baldumarket.lt\/lt\/wp-json\/wp\/v2\/media\/226131"}],"wp:attachment":[{"href":"https:\/\/baldumarket.lt\/lt\/wp-json\/wp\/v2\/media?parent=226130"}],"wp:term":[{"taxonomy":"product_brand","embeddable":true,"href":"https:\/\/baldumarket.lt\/lt\/wp-json\/wp\/v2\/product_brand?post=226130"},{"taxonomy":"product_cat","embeddable":true,"href":"https:\/\/baldumarket.lt\/lt\/wp-json\/wp\/v2\/product_cat?post=226130"},{"taxonomy":"product_tag","embeddable":true,"href":"https:\/\/baldumarket.lt\/lt\/wp-json\/wp\/v2\/product_tag?post=226130"}],"curies":[{"name":"wp","href":"https:\/\/api.w.org\/{rel}","templated":true}]}}