{"id":226094,"date":"2025-12-28T04:48:21","date_gmt":"2025-12-28T01:48:21","guid":{"rendered":"https:\/\/baldumarket.lt\/product\/meble-emax-35-stol-r\/"},"modified":"2026-02-11T18:37:38","modified_gmt":"2026-02-11T15:37:38","slug":"meble-emax-35-stol-r","status":"publish","type":"product","link":"https:\/\/baldumarket.lt\/lt\/product\/meble-emax-35-stol-r\/","title":{"rendered":"EMAX 35 baldinis stalas R"},"content":{"rendered":"<p>EMAX 35 R stalas<br \/>\nBaldai pagaminti i\u0161 16 mm ir 25 mm storio med\u017eio dro\u017eli\u0173 plok\u0161t\u0117s su ABS briaunomis. Stal\u010diai ir durel\u0117s turi \u0161velnaus u\u017edarymo sistem\u0105. Spalv\u0173 variantai: Artisan Oak \/ blizgi balta, \u0161viesus Sonoma Oak \/ blizgi balta, Burgundijos \u0105\u017euolas \/ blizgi balta, auksinis Craft Oak \/ baltas Craft Oak.<\/p>","protected":false},"excerpt":{"rendered":"<p>Plotis [cm]: 120 \/ 160<br \/>\nAuk\u0161tis [cm]: 76<br \/>\nGylis [cm]: 80<br \/>\nSvoris [kg]: 41<\/p>","protected":false},"featured_media":226095,"comment_status":"open","ping_status":"open","template":"","meta":[],"product_brand":[],"product_cat":[8386,1934],"product_tag":[],"class_list":{"0":"post-226094","1":"product","2":"type-product","3":"status-publish","4":"has-post-thumbnail","6":"product_cat-meblocross","7":"product_cat-tables","9":"first","10":"instock","11":"purchasable","12":"product-type-simple"},"_links":{"self":[{"href":"https:\/\/baldumarket.lt\/lt\/wp-json\/wp\/v2\/product\/226094","targetHints":{"allow":["GET"]}}],"collection":[{"href":"https:\/\/baldumarket.lt\/lt\/wp-json\/wp\/v2\/product"}],"about":[{"href":"https:\/\/baldumarket.lt\/lt\/wp-json\/wp\/v2\/types\/product"}],"replies":[{"embeddable":true,"href":"https:\/\/baldumarket.lt\/lt\/wp-json\/wp\/v2\/comments?post=226094"}],"wp:featuredmedia":[{"embeddable":true,"href":"https:\/\/baldumarket.lt\/lt\/wp-json\/wp\/v2\/media\/226095"}],"wp:attachment":[{"href":"https:\/\/baldumarket.lt\/lt\/wp-json\/wp\/v2\/media?parent=226094"}],"wp:term":[{"taxonomy":"product_brand","embeddable":true,"href":"https:\/\/baldumarket.lt\/lt\/wp-json\/wp\/v2\/product_brand?post=226094"},{"taxonomy":"product_cat","embeddable":true,"href":"https:\/\/baldumarket.lt\/lt\/wp-json\/wp\/v2\/product_cat?post=226094"},{"taxonomy":"product_tag","embeddable":true,"href":"https:\/\/baldumarket.lt\/lt\/wp-json\/wp\/v2\/product_tag?post=226094"}],"curies":[{"name":"wp","href":"https:\/\/api.w.org\/{rel}","templated":true}]}}