{"id":226087,"date":"2025-12-28T04:48:07","date_gmt":"2025-12-28T01:48:07","guid":{"rendered":"https:\/\/baldumarket.lt\/product\/meble-emax-36-szafa-1d\/"},"modified":"2026-02-11T18:37:38","modified_gmt":"2026-02-11T15:37:38","slug":"meble-emax-36-szafa-1d","status":"publish","type":"product","link":"https:\/\/baldumarket.lt\/lt\/product\/meble-emax-36-szafa-1d\/","title":{"rendered":"EMAX 36 baldai, 1D spinta"},"content":{"rendered":"<p>EMAX 36 1-D spinta<br \/>\nBaldai pagaminti i\u0161 16 mm ir 25 mm storio med\u017eio dro\u017eli\u0173 plok\u0161t\u0117s su ABS briaunomis. Stal\u010diai ir durel\u0117s turi \u0161velnaus u\u017edarymo sistem\u0105. Spalv\u0173 variantai: Artisan Oak \/ blizgi balta, \u0161viesus Sonoma Oak \/ blizgi balta, Burgundijos \u0105\u017euolas \/ blizgi balta, auksinis Craft Oak \/ baltas Craft Oak.<\/p>","protected":false},"excerpt":{"rendered":"<p>Plotis [cm]: 80<br \/>\n\u016agis [cm]: 193<br \/>\nGylis [cm]: 44<br \/>\nSvoris [kg]: 54<\/p>","protected":false},"featured_media":226088,"comment_status":"open","ping_status":"open","template":"","meta":[],"product_brand":[],"product_cat":[8386,1177],"product_tag":[],"class_list":{"0":"post-226087","1":"product","2":"type-product","3":"status-publish","4":"has-post-thumbnail","6":"product_cat-meblocross","7":"product_cat-wardrobes","9":"first","10":"instock","11":"purchasable","12":"product-type-simple"},"_links":{"self":[{"href":"https:\/\/baldumarket.lt\/lt\/wp-json\/wp\/v2\/product\/226087","targetHints":{"allow":["GET"]}}],"collection":[{"href":"https:\/\/baldumarket.lt\/lt\/wp-json\/wp\/v2\/product"}],"about":[{"href":"https:\/\/baldumarket.lt\/lt\/wp-json\/wp\/v2\/types\/product"}],"replies":[{"embeddable":true,"href":"https:\/\/baldumarket.lt\/lt\/wp-json\/wp\/v2\/comments?post=226087"}],"wp:featuredmedia":[{"embeddable":true,"href":"https:\/\/baldumarket.lt\/lt\/wp-json\/wp\/v2\/media\/226088"}],"wp:attachment":[{"href":"https:\/\/baldumarket.lt\/lt\/wp-json\/wp\/v2\/media?parent=226087"}],"wp:term":[{"taxonomy":"product_brand","embeddable":true,"href":"https:\/\/baldumarket.lt\/lt\/wp-json\/wp\/v2\/product_brand?post=226087"},{"taxonomy":"product_cat","embeddable":true,"href":"https:\/\/baldumarket.lt\/lt\/wp-json\/wp\/v2\/product_cat?post=226087"},{"taxonomy":"product_tag","embeddable":true,"href":"https:\/\/baldumarket.lt\/lt\/wp-json\/wp\/v2\/product_tag?post=226087"}],"curies":[{"name":"wp","href":"https:\/\/api.w.org\/{rel}","templated":true}]}}