{"id":226073,"date":"2025-12-28T04:47:36","date_gmt":"2025-12-28T01:47:36","guid":{"rendered":"https:\/\/baldumarket.lt\/product\/meble-emax-38-szafka-na-buty-2d\/"},"modified":"2026-02-11T18:37:39","modified_gmt":"2026-02-11T15:37:39","slug":"meble-emax-38-szafka-na-buty-2d","status":"publish","type":"product","link":"https:\/\/baldumarket.lt\/lt\/product\/meble-emax-38-szafka-na-buty-2d\/","title":{"rendered":"EMAX 38 bald\u0173 2D bat\u0173 spintel\u0117"},"content":{"rendered":"<p>EMAX 38 2D bat\u0173 spintel\u0117<br \/>\nS\u0117dyn\u0117 yra ekologi\u0161kos sm\u0117lio arba ekologi\u0161kos rudos spalvos. Pageidaujam\u0105 spalv\u0105 nurodykite u\u017esakymo pastabose.<br \/>\nBaldai pagaminti i\u0161 16 mm ir 25 mm storio med\u017eio dro\u017eli\u0173 plok\u0161t\u0117s su ABS kra\u0161tais. Stal\u010diai ir durel\u0117s turi \u0161velnaus u\u017edarymo sistem\u0105.<br \/>\nSpalv\u0173 variantai: Artisan \u0105\u017euolas \/ blizgi balta, \u0161viesus Sonoma \u0105\u017euolas \/ blizgi balta, bordo \u0105\u017euolas \/ blizgi balta, auksinis amatinio \u0105\u017euolo \/ baltas amatinio \u0105\u017euolo<\/p>","protected":false},"excerpt":{"rendered":"<p>Plotis [cm]: 100<br \/>\nAuk\u0161tis [cm]: 45<br \/>\nGylis [cm]: 44<br \/>\nSvoris [kg]: 27<\/p>","protected":false},"featured_media":226074,"comment_status":"open","ping_status":"open","template":"","meta":[],"product_brand":[],"product_cat":[8386,1997],"product_tag":[],"class_list":{"0":"post-226073","1":"product","2":"type-product","3":"status-publish","4":"has-post-thumbnail","6":"product_cat-meblocross","7":"product_cat-shoe-cabinets","9":"first","10":"instock","11":"purchasable","12":"product-type-simple"},"_links":{"self":[{"href":"https:\/\/baldumarket.lt\/lt\/wp-json\/wp\/v2\/product\/226073","targetHints":{"allow":["GET"]}}],"collection":[{"href":"https:\/\/baldumarket.lt\/lt\/wp-json\/wp\/v2\/product"}],"about":[{"href":"https:\/\/baldumarket.lt\/lt\/wp-json\/wp\/v2\/types\/product"}],"replies":[{"embeddable":true,"href":"https:\/\/baldumarket.lt\/lt\/wp-json\/wp\/v2\/comments?post=226073"}],"wp:featuredmedia":[{"embeddable":true,"href":"https:\/\/baldumarket.lt\/lt\/wp-json\/wp\/v2\/media\/226074"}],"wp:attachment":[{"href":"https:\/\/baldumarket.lt\/lt\/wp-json\/wp\/v2\/media?parent=226073"}],"wp:term":[{"taxonomy":"product_brand","embeddable":true,"href":"https:\/\/baldumarket.lt\/lt\/wp-json\/wp\/v2\/product_brand?post=226073"},{"taxonomy":"product_cat","embeddable":true,"href":"https:\/\/baldumarket.lt\/lt\/wp-json\/wp\/v2\/product_cat?post=226073"},{"taxonomy":"product_tag","embeddable":true,"href":"https:\/\/baldumarket.lt\/lt\/wp-json\/wp\/v2\/product_tag?post=226073"}],"curies":[{"name":"wp","href":"https:\/\/api.w.org\/{rel}","templated":true}]}}