{"id":226024,"date":"2025-12-28T04:45:36","date_gmt":"2025-12-28T01:45:36","guid":{"rendered":"https:\/\/baldumarket.lt\/product\/meble-epa-1-mebloscianka-zestaw-do-salonu\/"},"modified":"2026-02-11T18:37:40","modified_gmt":"2026-02-11T15:37:40","slug":"meble-epa-1-mebloscianka-zestaw-do-salonu","status":"publish","type":"product","link":"https:\/\/baldumarket.lt\/lt\/product\/meble-epa-1-mebloscianka-zestaw-do-salonu\/","title":{"rendered":"EPA bald\u0173 komplektas Nr. 1 sienin\u0117 svetain\u0117s spintel\u0117"},"content":{"rendered":"<p>EPA 1 rinkinys<br \/>\nKomplekt\u0105 sudaro: EPA 05 komoda [120\/82\/43] EPA 14 \u017eaislin\u0117 knyg\u0173 lentyna [80\/140\/43] EPA 20 \u017eaislin\u0117 knyg\u0173 lentyna [80\/187\/43] EPA 21 televizoriaus staliukas [120\/57\/43] EPA 24 prie sienos pakabinama spintel\u0117 [120\/35\/27] EPA 06 kavos staliukas [110\/46\/63]<br \/>\nGalimos spalvos: \u0105\u017euolo kra\u0161tai \/ balta \/ betono juoda, \u0105\u017euolo kra\u0161tai \/ balta \/ betono pilka, \u0105\u017euolo kra\u0161tai \/ balta \/ \u0161viesiai m\u0117lyna, \u0105\u017euolo kra\u0161tai \/ balta \/ kremin\u0117, \u0105\u017euolo kra\u0161tai \/ balta \/ levanda<\/p>","protected":false},"excerpt":{"rendered":"<p>EPA Set 1 The set includes: EPA 05 Chest of Drawers [120\/82\/43] EPA 14 Toy Bookcase [80\/140\/43] EPA 20 Toy Bookcase [80\/187\/43] EPA 21 TV Stand [120\/57\/43] EPA 24 Wall-Hung Cabinet [120\/35\/27] EPA 06 Coffee Table [110\/46\/63] Available Colors: Endgrain Oak \/ White \/ Concrete Black, Endgrain Oak \/ White \/ Concrete Gray, Endgrain Oak [&hellip;]<\/p>","protected":false},"featured_media":226025,"comment_status":"open","ping_status":"open","template":"","meta":[],"product_brand":[],"product_cat":[8386,2008],"product_tag":[],"class_list":{"0":"post-226024","1":"product","2":"type-product","3":"status-publish","4":"has-post-thumbnail","6":"product_cat-meblocross","7":"product_cat-wall-units","9":"first","10":"instock","11":"purchasable","12":"product-type-simple"},"_links":{"self":[{"href":"https:\/\/baldumarket.lt\/lt\/wp-json\/wp\/v2\/product\/226024","targetHints":{"allow":["GET"]}}],"collection":[{"href":"https:\/\/baldumarket.lt\/lt\/wp-json\/wp\/v2\/product"}],"about":[{"href":"https:\/\/baldumarket.lt\/lt\/wp-json\/wp\/v2\/types\/product"}],"replies":[{"embeddable":true,"href":"https:\/\/baldumarket.lt\/lt\/wp-json\/wp\/v2\/comments?post=226024"}],"wp:featuredmedia":[{"embeddable":true,"href":"https:\/\/baldumarket.lt\/lt\/wp-json\/wp\/v2\/media\/226025"}],"wp:attachment":[{"href":"https:\/\/baldumarket.lt\/lt\/wp-json\/wp\/v2\/media?parent=226024"}],"wp:term":[{"taxonomy":"product_brand","embeddable":true,"href":"https:\/\/baldumarket.lt\/lt\/wp-json\/wp\/v2\/product_brand?post=226024"},{"taxonomy":"product_cat","embeddable":true,"href":"https:\/\/baldumarket.lt\/lt\/wp-json\/wp\/v2\/product_cat?post=226024"},{"taxonomy":"product_tag","embeddable":true,"href":"https:\/\/baldumarket.lt\/lt\/wp-json\/wp\/v2\/product_tag?post=226024"}],"curies":[{"name":"wp","href":"https:\/\/api.w.org\/{rel}","templated":true}]}}