{"id":226010,"date":"2025-12-28T04:45:02","date_gmt":"2025-12-28T01:45:02","guid":{"rendered":"https:\/\/baldumarket.lt\/product\/meble-epa-3-mebloscianka-zestaw-mlodziezowy\/"},"modified":"2026-02-11T18:37:40","modified_gmt":"2026-02-11T15:37:40","slug":"meble-epa-3-mebloscianka-zestaw-mlodziezowy","status":"publish","type":"product","link":"https:\/\/baldumarket.lt\/lt\/product\/meble-epa-3-mebloscianka-zestaw-mlodziezowy\/","title":{"rendered":"EPA baldai #3 jaunimo sienini\u0173 sekcij\u0173 komplektas"},"content":{"rendered":"<p>EPA 3 rinkinys<br \/>\nKomplekt\u0105 sudaro: EPA 01 \u017eaidim\u0173 kompiuterio stalas [120\/76\/57] EPA 08 vaiki\u0161ka lova be \u010diu\u017einio [224\/76\/97] EPA 09 pakabinama lentyna [90\/35\/25] EPA 16 \u017eaisl\u0173 knyg\u0173 lentyna [50\/187\/43] EPA 23 drabu\u017ei\u0173 spinta [133\/187\/57] EPA 24 pakabinama spintel\u0117 [120\/35\/27]<br \/>\nGalimos spalvos: \u0105\u017euolo kra\u0161tai \/ balta \/ betono juoda, \u0105\u017euolo kra\u0161tai \/ balta \/ betono pilka, \u0105\u017euolo kra\u0161tai \/ balta \/ \u0161viesiai m\u0117lyna, \u0105\u017euolo kra\u0161tai \/ balta \/ kremin\u0117, \u0105\u017euolo kra\u0161tai \/ balta \/ levanda<\/p>","protected":false},"excerpt":{"rendered":"<p>Miegamasis plotas [cm]: 90 x 200<\/p>","protected":false},"featured_media":226011,"comment_status":"open","ping_status":"open","template":"","meta":[],"product_brand":[],"product_cat":[8386,2008],"product_tag":[],"class_list":{"0":"post-226010","1":"product","2":"type-product","3":"status-publish","4":"has-post-thumbnail","6":"product_cat-meblocross","7":"product_cat-wall-units","9":"first","10":"instock","11":"purchasable","12":"product-type-simple"},"_links":{"self":[{"href":"https:\/\/baldumarket.lt\/lt\/wp-json\/wp\/v2\/product\/226010","targetHints":{"allow":["GET"]}}],"collection":[{"href":"https:\/\/baldumarket.lt\/lt\/wp-json\/wp\/v2\/product"}],"about":[{"href":"https:\/\/baldumarket.lt\/lt\/wp-json\/wp\/v2\/types\/product"}],"replies":[{"embeddable":true,"href":"https:\/\/baldumarket.lt\/lt\/wp-json\/wp\/v2\/comments?post=226010"}],"wp:featuredmedia":[{"embeddable":true,"href":"https:\/\/baldumarket.lt\/lt\/wp-json\/wp\/v2\/media\/226011"}],"wp:attachment":[{"href":"https:\/\/baldumarket.lt\/lt\/wp-json\/wp\/v2\/media?parent=226010"}],"wp:term":[{"taxonomy":"product_brand","embeddable":true,"href":"https:\/\/baldumarket.lt\/lt\/wp-json\/wp\/v2\/product_brand?post=226010"},{"taxonomy":"product_cat","embeddable":true,"href":"https:\/\/baldumarket.lt\/lt\/wp-json\/wp\/v2\/product_cat?post=226010"},{"taxonomy":"product_tag","embeddable":true,"href":"https:\/\/baldumarket.lt\/lt\/wp-json\/wp\/v2\/product_tag?post=226010"}],"curies":[{"name":"wp","href":"https:\/\/api.w.org\/{rel}","templated":true}]}}