{"id":225996,"date":"2025-12-28T04:44:30","date_gmt":"2025-12-28T01:44:30","guid":{"rendered":"https:\/\/baldumarket.lt\/product\/meble-epa-5-mebloscianka-zestaw-mlodziezowy\/"},"modified":"2026-02-11T18:37:40","modified_gmt":"2026-02-11T15:37:40","slug":"meble-epa-5-mebloscianka-zestaw-mlodziezowy","status":"publish","type":"product","link":"https:\/\/baldumarket.lt\/lt\/product\/meble-epa-5-mebloscianka-zestaw-mlodziezowy\/","title":{"rendered":"EPA baldai #5 jaunimo sienini\u0173 sekcij\u0173 komplektas"},"content":{"rendered":"<p>EPA 5 rinkinys<br \/>\nKomplekt\u0105 sudaro: EPA 02 kampinis \u017eaidim\u0173 stalas [120\/76\/120] EPA 04 komoda [90\/82\/43] EPA 10 sienin\u0117 lentyna [120\/35\/27] EPA 13 \u017eaisl\u0173 knyg\u0173 lentyna [80\/140\/43] EPA 19 \u017eaisl\u0173 knyg\u0173 lentyna [80\/187\/43]<br \/>\nGalimos spalvos: \u0105\u017euolo kra\u0161tai \/ balta \/ betono juoda, \u0105\u017euolo kra\u0161tai \/ balta \/ betono pilka, \u0105\u017euolo kra\u0161tai \/ balta \/ \u0161viesiai m\u0117lyna, \u0105\u017euolo kra\u0161tai \/ balta \/ kremin\u0117, \u0105\u017euolo kra\u0161tai \/ balta \/ levanda<\/p>","protected":false},"excerpt":{"rendered":"<p>EPA rinkinys 5 Komplekt\u0105 sudaro: EPA 02 kampinis \u017eaidim\u0173 stalas [120\/76\/120] EPA 04 komoda [90\/82\/43] EPA 10 sienin\u0117 lentyna [120\/35\/27] EPA 13 \u017eaisl\u0173 knyg\u0173 lentyna [80\/140\/43] EPA 19 \u017eaisl\u0173 knyg\u0173 lentyna [80\/187\/43] Galimos spalvos: \u0105\u017euolo ra\u0161tas \/ balta \/ betono juoda, \u0105\u017euolo ra\u0161tas \/ balta \/ betono pilka, \u0105\u017euolo ra\u0161tas \/ balta \/ \u0161viesi [\u2026]<\/p>","protected":false},"featured_media":225997,"comment_status":"open","ping_status":"open","template":"","meta":[],"product_brand":[],"product_cat":[8386,2008],"product_tag":[],"class_list":{"0":"post-225996","1":"product","2":"type-product","3":"status-publish","4":"has-post-thumbnail","6":"product_cat-meblocross","7":"product_cat-wall-units","9":"first","10":"instock","11":"purchasable","12":"product-type-simple"},"_links":{"self":[{"href":"https:\/\/baldumarket.lt\/lt\/wp-json\/wp\/v2\/product\/225996","targetHints":{"allow":["GET"]}}],"collection":[{"href":"https:\/\/baldumarket.lt\/lt\/wp-json\/wp\/v2\/product"}],"about":[{"href":"https:\/\/baldumarket.lt\/lt\/wp-json\/wp\/v2\/types\/product"}],"replies":[{"embeddable":true,"href":"https:\/\/baldumarket.lt\/lt\/wp-json\/wp\/v2\/comments?post=225996"}],"wp:featuredmedia":[{"embeddable":true,"href":"https:\/\/baldumarket.lt\/lt\/wp-json\/wp\/v2\/media\/225997"}],"wp:attachment":[{"href":"https:\/\/baldumarket.lt\/lt\/wp-json\/wp\/v2\/media?parent=225996"}],"wp:term":[{"taxonomy":"product_brand","embeddable":true,"href":"https:\/\/baldumarket.lt\/lt\/wp-json\/wp\/v2\/product_brand?post=225996"},{"taxonomy":"product_cat","embeddable":true,"href":"https:\/\/baldumarket.lt\/lt\/wp-json\/wp\/v2\/product_cat?post=225996"},{"taxonomy":"product_tag","embeddable":true,"href":"https:\/\/baldumarket.lt\/lt\/wp-json\/wp\/v2\/product_tag?post=225996"}],"curies":[{"name":"wp","href":"https:\/\/api.w.org\/{rel}","templated":true}]}}