{"id":225948,"date":"2025-12-28T04:42:53","date_gmt":"2025-12-28T01:42:53","guid":{"rendered":"https:\/\/baldumarket.lt\/product\/meble-epa-06-lawa-stolik-kawowy\/"},"modified":"2026-02-11T18:37:41","modified_gmt":"2026-02-11T15:37:41","slug":"meble-epa-06-lawa-stolik-kawowy","status":"publish","type":"product","link":"https:\/\/baldumarket.lt\/lt\/product\/meble-epa-06-lawa-stolik-kawowy\/","title":{"rendered":"EPA 06 bald\u0173 kavos staliukas"},"content":{"rendered":"<p>EPA 06 kavos staliukas 120 cm<br \/>\nGalimos spalvos: \u0105\u017euolo kra\u0161tai \/ balta \/ betono juoda, \u0105\u017euolo kra\u0161tai \/ balta \/ betono pilka, \u0105\u017euolo kra\u0161tai \/ balta \/ m\u0117lyna, \u0105\u017euolo kra\u0161tai \/ balta \/ kremin\u0117, \u0105\u017euolo kra\u0161tai \/ balta \/ levanda<\/p>","protected":false},"excerpt":{"rendered":"<p>Plotis [cm]: 110<br \/>\nAuk\u0161tis [cm]: 46<br \/>\nGylis [cm]: 63<br \/>\nSvoris [kg]: 32<\/p>","protected":false},"featured_media":225949,"comment_status":"open","ping_status":"open","template":"","meta":[],"product_brand":[],"product_cat":[866,8386],"product_tag":[],"class_list":{"0":"post-225948","1":"product","2":"type-product","3":"status-publish","4":"has-post-thumbnail","6":"product_cat-coffee-tables","7":"product_cat-meblocross","9":"first","10":"instock","11":"purchasable","12":"product-type-simple"},"_links":{"self":[{"href":"https:\/\/baldumarket.lt\/lt\/wp-json\/wp\/v2\/product\/225948","targetHints":{"allow":["GET"]}}],"collection":[{"href":"https:\/\/baldumarket.lt\/lt\/wp-json\/wp\/v2\/product"}],"about":[{"href":"https:\/\/baldumarket.lt\/lt\/wp-json\/wp\/v2\/types\/product"}],"replies":[{"embeddable":true,"href":"https:\/\/baldumarket.lt\/lt\/wp-json\/wp\/v2\/comments?post=225948"}],"wp:featuredmedia":[{"embeddable":true,"href":"https:\/\/baldumarket.lt\/lt\/wp-json\/wp\/v2\/media\/225949"}],"wp:attachment":[{"href":"https:\/\/baldumarket.lt\/lt\/wp-json\/wp\/v2\/media?parent=225948"}],"wp:term":[{"taxonomy":"product_brand","embeddable":true,"href":"https:\/\/baldumarket.lt\/lt\/wp-json\/wp\/v2\/product_brand?post=225948"},{"taxonomy":"product_cat","embeddable":true,"href":"https:\/\/baldumarket.lt\/lt\/wp-json\/wp\/v2\/product_cat?post=225948"},{"taxonomy":"product_tag","embeddable":true,"href":"https:\/\/baldumarket.lt\/lt\/wp-json\/wp\/v2\/product_tag?post=225948"}],"curies":[{"name":"wp","href":"https:\/\/api.w.org\/{rel}","templated":true}]}}