{"id":225939,"date":"2025-12-28T04:42:29","date_gmt":"2025-12-28T01:42:29","guid":{"rendered":"https:\/\/baldumarket.lt\/product\/meble-epa-07-lozko-mlodziezowe-bez-materaca\/"},"modified":"2026-02-11T18:37:41","modified_gmt":"2026-02-11T15:37:41","slug":"meble-epa-07-lozko-mlodziezowe-bez-materaca","status":"publish","type":"product","link":"https:\/\/baldumarket.lt\/lt\/product\/meble-epa-07-lozko-mlodziezowe-bez-materaca\/","title":{"rendered":"EPA 07 bald\u0173 jaunimo lova be \u010diu\u017einio"},"content":{"rendered":"<p>EPA 07 jaunimo lova be \u010diu\u017einio<br \/>\nGalimos spalvos: \u0105\u017euolo kra\u0161tai \/ balta \/ betono juoda, \u0105\u017euolo kra\u0161tai \/ balta \/ betono pilka, \u0105\u017euolo kra\u0161tai \/ balta \/ m\u0117lyna, \u0105\u017euolo kra\u0161tai \/ balta \/ kremin\u0117, \u0105\u017euolo kra\u0161tai \/ balta \/ levanda<\/p>","protected":false},"excerpt":{"rendered":"<p>Plotis [cm]: 224<br \/>\nAuk\u0161tis [cm]: 76<br \/>\nGylis [cm]: 97<br \/>\nMiegamasis plotas [cm]: 90 x 200<br \/>\nSvoris [kg]: 106<\/p>","protected":false},"featured_media":225940,"comment_status":"open","ping_status":"open","template":"","meta":[],"product_brand":[],"product_cat":[505,8386],"product_tag":[],"class_list":{"0":"post-225939","1":"product","2":"type-product","3":"status-publish","4":"has-post-thumbnail","6":"product_cat-bedroom-beds","7":"product_cat-meblocross","9":"first","10":"instock","11":"purchasable","12":"product-type-simple"},"_links":{"self":[{"href":"https:\/\/baldumarket.lt\/lt\/wp-json\/wp\/v2\/product\/225939","targetHints":{"allow":["GET"]}}],"collection":[{"href":"https:\/\/baldumarket.lt\/lt\/wp-json\/wp\/v2\/product"}],"about":[{"href":"https:\/\/baldumarket.lt\/lt\/wp-json\/wp\/v2\/types\/product"}],"replies":[{"embeddable":true,"href":"https:\/\/baldumarket.lt\/lt\/wp-json\/wp\/v2\/comments?post=225939"}],"wp:featuredmedia":[{"embeddable":true,"href":"https:\/\/baldumarket.lt\/lt\/wp-json\/wp\/v2\/media\/225940"}],"wp:attachment":[{"href":"https:\/\/baldumarket.lt\/lt\/wp-json\/wp\/v2\/media?parent=225939"}],"wp:term":[{"taxonomy":"product_brand","embeddable":true,"href":"https:\/\/baldumarket.lt\/lt\/wp-json\/wp\/v2\/product_brand?post=225939"},{"taxonomy":"product_cat","embeddable":true,"href":"https:\/\/baldumarket.lt\/lt\/wp-json\/wp\/v2\/product_cat?post=225939"},{"taxonomy":"product_tag","embeddable":true,"href":"https:\/\/baldumarket.lt\/lt\/wp-json\/wp\/v2\/product_tag?post=225939"}],"curies":[{"name":"wp","href":"https:\/\/api.w.org\/{rel}","templated":true}]}}