{"id":225874,"date":"2025-12-28T04:39:48","date_gmt":"2025-12-28T01:39:48","guid":{"rendered":"https:\/\/baldumarket.lt\/product\/meble-epa-15-regal-na-ksiazki-zabawki\/"},"modified":"2026-02-11T18:37:41","modified_gmt":"2026-02-11T15:37:41","slug":"meble-epa-15-regal-na-ksiazki-zabawki","status":"publish","type":"product","link":"https:\/\/baldumarket.lt\/lt\/product\/meble-epa-15-regal-na-ksiazki-zabawki\/","title":{"rendered":"EPA 15 bald\u0173 knyg\u0173 lentyn\u0173 \u017eaislai"},"content":{"rendered":"<p>EPA 15 auk\u0161ta lentyna 50 1d2s<br \/>\nGalimos spalvos: \u0105\u017euolo kra\u0161tai \/ balta \/ betono juoda, \u0105\u017euolo kra\u0161tai \/ balta \/ betono pilka, \u0105\u017euolo kra\u0161tai \/ balta \/ m\u0117lyna, \u0105\u017euolo kra\u0161tai \/ balta \/ kremin\u0117, \u0105\u017euolo kra\u0161tai \/ balta \/ levanda<\/p>","protected":false},"excerpt":{"rendered":"<p>Plotis [cm]: 50<br \/>\n\u016agis [cm]: 187<br \/>\nGylis [cm]: 43<br \/>\nSvoris [kg]: 49<\/p>","protected":false},"featured_media":225875,"comment_status":"open","ping_status":"open","template":"","meta":[],"product_brand":[],"product_cat":[8386,1987],"product_tag":[],"class_list":{"0":"post-225874","1":"product","2":"type-product","3":"status-publish","4":"has-post-thumbnail","6":"product_cat-meblocross","7":"product_cat-shelving-units","9":"first","10":"instock","11":"purchasable","12":"product-type-simple"},"_links":{"self":[{"href":"https:\/\/baldumarket.lt\/lt\/wp-json\/wp\/v2\/product\/225874","targetHints":{"allow":["GET"]}}],"collection":[{"href":"https:\/\/baldumarket.lt\/lt\/wp-json\/wp\/v2\/product"}],"about":[{"href":"https:\/\/baldumarket.lt\/lt\/wp-json\/wp\/v2\/types\/product"}],"replies":[{"embeddable":true,"href":"https:\/\/baldumarket.lt\/lt\/wp-json\/wp\/v2\/comments?post=225874"}],"wp:featuredmedia":[{"embeddable":true,"href":"https:\/\/baldumarket.lt\/lt\/wp-json\/wp\/v2\/media\/225875"}],"wp:attachment":[{"href":"https:\/\/baldumarket.lt\/lt\/wp-json\/wp\/v2\/media?parent=225874"}],"wp:term":[{"taxonomy":"product_brand","embeddable":true,"href":"https:\/\/baldumarket.lt\/lt\/wp-json\/wp\/v2\/product_brand?post=225874"},{"taxonomy":"product_cat","embeddable":true,"href":"https:\/\/baldumarket.lt\/lt\/wp-json\/wp\/v2\/product_cat?post=225874"},{"taxonomy":"product_tag","embeddable":true,"href":"https:\/\/baldumarket.lt\/lt\/wp-json\/wp\/v2\/product_tag?post=225874"}],"curies":[{"name":"wp","href":"https:\/\/api.w.org\/{rel}","templated":true}]}}