{"id":225795,"date":"2025-12-28T04:36:45","date_gmt":"2025-12-28T01:36:45","guid":{"rendered":"https:\/\/baldumarket.lt\/product\/meble-fort-przedpokoj-garderoba\/"},"modified":"2026-02-11T18:37:43","modified_gmt":"2026-02-11T15:37:43","slug":"meble-fort-przedpokoj-garderoba","status":"publish","type":"product","link":"https:\/\/baldumarket.lt\/lt\/product\/meble-fort-przedpokoj-garderoba\/","title":{"rendered":"FORT prie\u0161kambario bald\u0173 spinta"},"content":{"rendered":"<p>FORT koridorius<br \/>\nSpalvos:<br \/>\n\u2013 \u0160viesus Sonoma \u0105\u017euolas \/ Blizgi balta<br \/>\n\u2013 \u0160viesus Sonoma \u0105\u017euolas \/ Tamsus Sonoma \u0105\u017euolas<br \/>\n\u2013 Auksinis amatinio \u0105\u017euolo \/ Tabako amatinio \u0105\u017euolo<br \/>\n\u2013 Tamsus Sonoma \u0105\u017euolas \/ \u0160viesus Sonoma \u0105\u017euolas<br \/>\n\u2013 Tobaco Craft \u0105\u017euolo \/ kremo spalvos<\/p>","protected":false},"excerpt":{"rendered":"<p>Plotis [cm]: 135<br \/>\nAuk\u0161tis [cm]: 190<br \/>\nGylis [cm]: 31<\/p>","protected":false},"featured_media":225796,"comment_status":"open","ping_status":"open","template":"","meta":[],"product_brand":[],"product_cat":[8386,1177],"product_tag":[],"class_list":{"0":"post-225795","1":"product","2":"type-product","3":"status-publish","4":"has-post-thumbnail","6":"product_cat-meblocross","7":"product_cat-wardrobes","9":"first","10":"instock","11":"purchasable","12":"product-type-simple"},"_links":{"self":[{"href":"https:\/\/baldumarket.lt\/lt\/wp-json\/wp\/v2\/product\/225795","targetHints":{"allow":["GET"]}}],"collection":[{"href":"https:\/\/baldumarket.lt\/lt\/wp-json\/wp\/v2\/product"}],"about":[{"href":"https:\/\/baldumarket.lt\/lt\/wp-json\/wp\/v2\/types\/product"}],"replies":[{"embeddable":true,"href":"https:\/\/baldumarket.lt\/lt\/wp-json\/wp\/v2\/comments?post=225795"}],"wp:featuredmedia":[{"embeddable":true,"href":"https:\/\/baldumarket.lt\/lt\/wp-json\/wp\/v2\/media\/225796"}],"wp:attachment":[{"href":"https:\/\/baldumarket.lt\/lt\/wp-json\/wp\/v2\/media?parent=225795"}],"wp:term":[{"taxonomy":"product_brand","embeddable":true,"href":"https:\/\/baldumarket.lt\/lt\/wp-json\/wp\/v2\/product_brand?post=225795"},{"taxonomy":"product_cat","embeddable":true,"href":"https:\/\/baldumarket.lt\/lt\/wp-json\/wp\/v2\/product_cat?post=225795"},{"taxonomy":"product_tag","embeddable":true,"href":"https:\/\/baldumarket.lt\/lt\/wp-json\/wp\/v2\/product_tag?post=225795"}],"curies":[{"name":"wp","href":"https:\/\/api.w.org\/{rel}","templated":true}]}}