{"id":225790,"date":"2025-12-28T04:36:35","date_gmt":"2025-12-28T01:36:35","guid":{"rendered":"https:\/\/baldumarket.lt\/product\/meble-gaves-10-pokojowe-mebloscianka-regal-szafka-rtv-polka-wiszaca-dab\/"},"modified":"2026-02-11T18:37:44","modified_gmt":"2026-02-11T15:37:44","slug":"meble-gaves-10-pokojowe-mebloscianka-regal-szafka-rtv-polka-wiszaca-dab","status":"publish","type":"product","link":"https:\/\/baldumarket.lt\/lt\/product\/meble-gaves-10-pokojowe-mebloscianka-regal-szafka-rtv-polka-wiszaca-dab\/","title":{"rendered":"GAVES #10 svetain\u0117s baldai, sienin\u0117 spintel\u0117, lentyna, televizoriaus spintel\u0117, pakabinama lentyna, \u0105\u017euolas"},"content":{"rendered":"<p>GAVES rinkinys, 10 vnt.<br \/>\nKomplekt\u0105 sudaro: GAVES 06 lentyna 80\/119\/42 \u2013 46 kg \u2013 2 vnt.; GAVES 09 lentyna 80\/154\/42 \u2013 52 kg \u2013 2 vnt.; GAVES 12 televizoriaus staliukas 120\/60\/42 \u2013 33 kg \u2013 1 vnt.; GAVES 15 pakabinama lentyna 120\/33\/32 \u2013 15 kg \u2013 1 vnt. Spalva: kremonos \u0105\u017euolas \/ juoda.<\/p>","protected":false},"excerpt":{"rendered":"<p>Svoris [kg]: 146<\/p>","protected":false},"featured_media":225791,"comment_status":"open","ping_status":"open","template":"","meta":[],"product_brand":[],"product_cat":[8386,2008],"product_tag":[],"class_list":{"0":"post-225790","1":"product","2":"type-product","3":"status-publish","4":"has-post-thumbnail","6":"product_cat-meblocross","7":"product_cat-wall-units","9":"first","10":"instock","11":"purchasable","12":"product-type-simple"},"_links":{"self":[{"href":"https:\/\/baldumarket.lt\/lt\/wp-json\/wp\/v2\/product\/225790","targetHints":{"allow":["GET"]}}],"collection":[{"href":"https:\/\/baldumarket.lt\/lt\/wp-json\/wp\/v2\/product"}],"about":[{"href":"https:\/\/baldumarket.lt\/lt\/wp-json\/wp\/v2\/types\/product"}],"replies":[{"embeddable":true,"href":"https:\/\/baldumarket.lt\/lt\/wp-json\/wp\/v2\/comments?post=225790"}],"wp:featuredmedia":[{"embeddable":true,"href":"https:\/\/baldumarket.lt\/lt\/wp-json\/wp\/v2\/media\/225791"}],"wp:attachment":[{"href":"https:\/\/baldumarket.lt\/lt\/wp-json\/wp\/v2\/media?parent=225790"}],"wp:term":[{"taxonomy":"product_brand","embeddable":true,"href":"https:\/\/baldumarket.lt\/lt\/wp-json\/wp\/v2\/product_brand?post=225790"},{"taxonomy":"product_cat","embeddable":true,"href":"https:\/\/baldumarket.lt\/lt\/wp-json\/wp\/v2\/product_cat?post=225790"},{"taxonomy":"product_tag","embeddable":true,"href":"https:\/\/baldumarket.lt\/lt\/wp-json\/wp\/v2\/product_tag?post=225790"}],"curies":[{"name":"wp","href":"https:\/\/api.w.org\/{rel}","templated":true}]}}