{"id":225774,"date":"2025-12-28T04:35:51","date_gmt":"2025-12-28T01:35:51","guid":{"rendered":"https:\/\/baldumarket.lt\/product\/meble-gaves-6-pokojowe-regal-szafka-rtv-komoda-polka-wiszaca-stolik-kawowy\/"},"modified":"2026-02-11T18:37:45","modified_gmt":"2026-02-11T15:37:45","slug":"meble-gaves-6-pokojowe-regal-szafka-rtv-komoda-polka-wiszaca-stolik-kawowy","status":"publish","type":"product","link":"https:\/\/baldumarket.lt\/lt\/product\/meble-gaves-6-pokojowe-regal-szafka-rtv-komoda-polka-wiszaca-stolik-kawowy\/","title":{"rendered":"GAVES #6 svetain\u0117s baldai: knyg\u0173 lentyna, televizoriaus spintel\u0117, komoda, pakabinama lentyna, kavos staliukas"},"content":{"rendered":"<p>GAVES rinkinys, 6 vnt.<br \/>\nKomplekt\u0105 sudaro: GAVES 02 komoda 120\/85\/42 \u2013 50kg \u2013 2vnt. GAVES 06 knyg\u0173 lentyna 80\/119\/42 \u2013 46kg \u2013 2vnt. GAVES 09 knyg\u0173 lentyna 80\/154\/42 \u2013 52kg \u2013 2vnt. GAVES 12 televizoriaus staliukas 120\/60\/42 \u2013 33kg \u2013 1vnt. GAVES 15 pakabinama lentyna 120\/33\/32 \u2013 15kg \u2013 1vnt. GAVES 04 kavos staliukas 90\/36\/60 \u2013 18kg \u2013 1vnt. Spalva: kremonos \u0105\u017euolas \/ juoda<\/p>","protected":false},"excerpt":{"rendered":"<p>Svoris [kg]: 214<\/p>","protected":false},"featured_media":225775,"comment_status":"open","ping_status":"open","template":"","meta":[],"product_brand":[],"product_cat":[8386,2008],"product_tag":[],"class_list":{"0":"post-225774","1":"product","2":"type-product","3":"status-publish","4":"has-post-thumbnail","6":"product_cat-meblocross","7":"product_cat-wall-units","9":"first","10":"instock","11":"purchasable","12":"product-type-simple"},"_links":{"self":[{"href":"https:\/\/baldumarket.lt\/lt\/wp-json\/wp\/v2\/product\/225774","targetHints":{"allow":["GET"]}}],"collection":[{"href":"https:\/\/baldumarket.lt\/lt\/wp-json\/wp\/v2\/product"}],"about":[{"href":"https:\/\/baldumarket.lt\/lt\/wp-json\/wp\/v2\/types\/product"}],"replies":[{"embeddable":true,"href":"https:\/\/baldumarket.lt\/lt\/wp-json\/wp\/v2\/comments?post=225774"}],"wp:featuredmedia":[{"embeddable":true,"href":"https:\/\/baldumarket.lt\/lt\/wp-json\/wp\/v2\/media\/225775"}],"wp:attachment":[{"href":"https:\/\/baldumarket.lt\/lt\/wp-json\/wp\/v2\/media?parent=225774"}],"wp:term":[{"taxonomy":"product_brand","embeddable":true,"href":"https:\/\/baldumarket.lt\/lt\/wp-json\/wp\/v2\/product_brand?post=225774"},{"taxonomy":"product_cat","embeddable":true,"href":"https:\/\/baldumarket.lt\/lt\/wp-json\/wp\/v2\/product_cat?post=225774"},{"taxonomy":"product_tag","embeddable":true,"href":"https:\/\/baldumarket.lt\/lt\/wp-json\/wp\/v2\/product_tag?post=225774"}],"curies":[{"name":"wp","href":"https:\/\/api.w.org\/{rel}","templated":true}]}}